{"id":1411,"date":"2024-03-01T22:55:30","date_gmt":"2024-03-02T01:55:30","guid":{"rendered":"https:\/\/www.tradicy.com.br\/wp4\/?page_id=1411"},"modified":"2025-12-03T05:54:55","modified_gmt":"2025-12-03T08:54:55","slug":"busca-imovel","status":"publish","type":"page","link":"https:\/\/www.tradicy.com.br\/wp4\/busca-imovel\/","title":{"rendered":"Busca Im\u00f3vel"},"content":{"rendered":"\t\t<div data-elementor-type=\"wp-page\" data-elementor-id=\"1411\" class=\"elementor elementor-1411\" data-elementor-post-type=\"page\">\n\t\t\t\t<div class=\"elementor-element elementor-element-83ac131 e-flex e-con-boxed e-con e-parent\" data-id=\"83ac131\" data-element_type=\"container\" data-e-type=\"container\">\n\t\t\t\t\t<div class=\"e-con-inner\">\n\t\t\t\t\t<\/div>\n\t\t\t\t<\/div>\n\t\t<div class=\"elementor-element elementor-element-52aa315 e-flex e-con-boxed e-con e-parent\" data-id=\"52aa315\" data-element_type=\"container\" data-e-type=\"container\">\n\t\t\t\t\t<div class=\"e-con-inner\">\n\t\t<div class=\"elementor-element elementor-element-8e4c48a e-con-full e-flex e-con e-child\" data-id=\"8e4c48a\" data-element_type=\"container\" data-e-type=\"container\">\n\t\t\t\t<div class=\"elementor-element elementor-element-d2a6f91 elementor-flip-box--effect-push elementor-flip-box--direction-up elementor-widget elementor-widget-flip-box\" data-id=\"d2a6f91\" data-element_type=\"widget\" data-e-type=\"widget\" data-widget_type=\"flip-box.default\">\n\t\t\t\t<div class=\"elementor-widget-container\">\n\t\t\t\t\t\t\t<div class=\"elementor-flip-box\" tabindex=\"0\">\n\t\t\t<div class=\"elementor-flip-box__layer elementor-flip-box__front\">\n\t\t\t\t<div class=\"elementor-flip-box__layer__overlay\">\n\t\t\t\t\t<div class=\"elementor-flip-box__layer__inner\">\n\t\t\t\t\t\t\t\t\t\t\t\t\t<div class=\"elementor-icon-wrapper elementor-view-framed elementor-shape-square\">\n\t\t\t\t\t\t\t\t<div class=\"elementor-icon\">\n\t\t\t\t\t\t\t\t\t<svg class=\"e-font-icon-svg e-fas-house-user\" viewBox=\"0 0 576 512\" xmlns=\"http:\/\/www.w3.org\/2000\/svg\"><path d=\"M570.69,236.27,512,184.44V48a16,16,0,0,0-16-16H432a16,16,0,0,0-16,16V99.67L314.78,10.3C308.5,4.61,296.53,0,288,0s-20.46,4.61-26.74,10.3l-256,226A18.27,18.27,0,0,0,0,248.2a18.64,18.64,0,0,0,4.09,10.71L25.5,282.7a21.14,21.14,0,0,0,12,5.3,21.67,21.67,0,0,0,10.69-4.11l15.9-14V480a32,32,0,0,0,32,32H480a32,32,0,0,0,32-32V269.88l15.91,14A21.94,21.94,0,0,0,538.63,288a20.89,20.89,0,0,0,11.87-5.31l21.41-23.81A21.64,21.64,0,0,0,576,248.19,21,21,0,0,0,570.69,236.27ZM288,176a64,64,0,1,1-64,64A64,64,0,0,1,288,176ZM400,448H176a16,16,0,0,1-16-16,96,96,0,0,1,96-96h64a96,96,0,0,1,96,96A16,16,0,0,1,400,448Z\"><\/path><\/svg>\t\t\t\t\t\t\t\t<\/div>\n\t\t\t\t\t\t\t<\/div>\n\t\t\t\t\t\t\n\t\t\t\t\t\t\t\t\t\t\t\t\t<h3 class=\"elementor-flip-box__layer__title\">\n\t\t\t\t\t\t\t\tIm\u00f3veis para comprar\t\t\t\t\t\t\t<\/h3>\n\t\t\t\t\t\t\n\t\t\t\t\t\t\t\t\t\t\t\t\t<div class=\"elementor-flip-box__layer__description\">\n\t\t\t\t\t\t\t\tListas dos im\u00f3veis comerciais e residenciais \u00e0 venda.\t\t\t\t\t\t\t<\/div>\n\t\t\t\t\t\t\t\t\t\t\t<\/div>\n\t\t\t\t<\/div>\n\t\t\t<\/div>\n\t\t\t<div class=\"elementor-flip-box__layer elementor-flip-box__back\">\n\t\t\t<div class=\"elementor-flip-box__layer__overlay\">\n\t\t\t\t<div class=\"elementor-flip-box__layer__inner\">\n\t\t\t\t\t\t\t\t\t\t\t<h3 class=\"elementor-flip-box__layer__title\">\n\t\t\t\t\t\t\tIm\u00f3veis \u00e0 venda\t\t\t\t\t\t<\/h3>\n\t\t\t\t\t\n\t\t\t\t\t\t\t\t\t\t\t<div class=\"elementor-flip-box__layer__description\">\n\t\t\t\t\t\t\tComerciais e Residenciais\t\t\t\t\t\t<\/div>\n\t\t\t\t\t\n\t\t\t\t\t\t\t\t\t\t\t<a class=\"elementor-flip-box__button elementor-button elementor-size-sm\" href=\"https:\/\/www.tradicytaunay.com.br\/imoveis\/a-venda\" target=\"_blank\">\n\t\t\t\t\t\t\tClique Aqui\t\t\t\t\t\t<\/a>\n\t\t\t\t\t\t\t\t<\/div>\n\t\t<\/div>\n\t\t<\/div>\n\t\t<\/div>\n\t\t\t\t\t\t<\/div>\n\t\t\t\t<\/div>\n\t\t\t\t<\/div>\n\t\t<div class=\"elementor-element elementor-element-88fbeca e-con-full e-flex e-con e-child\" data-id=\"88fbeca\" data-element_type=\"container\" data-e-type=\"container\">\n\t\t\t\t<div class=\"elementor-element elementor-element-0dec944 elementor-flip-box--effect-slide elementor-flip-box--direction-up elementor-widget elementor-widget-flip-box\" data-id=\"0dec944\" data-element_type=\"widget\" data-e-type=\"widget\" data-widget_type=\"flip-box.default\">\n\t\t\t\t<div class=\"elementor-widget-container\">\n\t\t\t\t\t\t\t<div class=\"elementor-flip-box\" tabindex=\"0\">\n\t\t\t<div class=\"elementor-flip-box__layer elementor-flip-box__front\">\n\t\t\t\t<div class=\"elementor-flip-box__layer__overlay\">\n\t\t\t\t\t<div class=\"elementor-flip-box__layer__inner\">\n\t\t\t\t\t\t\t\t\t\t\t\t\t<div class=\"elementor-icon-wrapper elementor-view-framed elementor-shape-square\">\n\t\t\t\t\t\t\t\t<div class=\"elementor-icon\">\n\t\t\t\t\t\t\t\t\t<svg class=\"e-font-icon-svg e-fas-building\" viewBox=\"0 0 448 512\" xmlns=\"http:\/\/www.w3.org\/2000\/svg\"><path d=\"M436 480h-20V24c0-13.255-10.745-24-24-24H56C42.745 0 32 10.745 32 24v456H12c-6.627 0-12 5.373-12 12v20h448v-20c0-6.627-5.373-12-12-12zM128 76c0-6.627 5.373-12 12-12h40c6.627 0 12 5.373 12 12v40c0 6.627-5.373 12-12 12h-40c-6.627 0-12-5.373-12-12V76zm0 96c0-6.627 5.373-12 12-12h40c6.627 0 12 5.373 12 12v40c0 6.627-5.373 12-12 12h-40c-6.627 0-12-5.373-12-12v-40zm52 148h-40c-6.627 0-12-5.373-12-12v-40c0-6.627 5.373-12 12-12h40c6.627 0 12 5.373 12 12v40c0 6.627-5.373 12-12 12zm76 160h-64v-84c0-6.627 5.373-12 12-12h40c6.627 0 12 5.373 12 12v84zm64-172c0 6.627-5.373 12-12 12h-40c-6.627 0-12-5.373-12-12v-40c0-6.627 5.373-12 12-12h40c6.627 0 12 5.373 12 12v40zm0-96c0 6.627-5.373 12-12 12h-40c-6.627 0-12-5.373-12-12v-40c0-6.627 5.373-12 12-12h40c6.627 0 12 5.373 12 12v40zm0-96c0 6.627-5.373 12-12 12h-40c-6.627 0-12-5.373-12-12V76c0-6.627 5.373-12 12-12h40c6.627 0 12 5.373 12 12v40z\"><\/path><\/svg>\t\t\t\t\t\t\t\t<\/div>\n\t\t\t\t\t\t\t<\/div>\n\t\t\t\t\t\t\n\t\t\t\t\t\t\t\t\t\t\t\t\t<h3 class=\"elementor-flip-box__layer__title\">\n\t\t\t\t\t\t\t\tIm\u00f3veis para alugar\t\t\t\t\t\t\t<\/h3>\n\t\t\t\t\t\t\n\t\t\t\t\t\t\t\t\t\t\t\t\t<div class=\"elementor-flip-box__layer__description\">\n\t\t\t\t\t\t\t\tListas dos im\u00f3veis comerciais e residenciais para loca\u00e7\u00e3o.\t\t\t\t\t\t\t<\/div>\n\t\t\t\t\t\t\t\t\t\t\t<\/div>\n\t\t\t\t<\/div>\n\t\t\t<\/div>\n\t\t\t<div class=\"elementor-flip-box__layer elementor-flip-box__back\">\n\t\t\t<div class=\"elementor-flip-box__layer__overlay\">\n\t\t\t\t<div class=\"elementor-flip-box__layer__inner\">\n\t\t\t\t\t\t\t\t\t\t\t<h3 class=\"elementor-flip-box__layer__title\">\n\t\t\t\t\t\t\tIm\u00f3veis para loca\u00e7\u00e3o\t\t\t\t\t\t<\/h3>\n\t\t\t\t\t\n\t\t\t\t\t\t\t\t\t\t\t<div class=\"elementor-flip-box__layer__description\">\n\t\t\t\t\t\t\tComerciais e Residenciais\t\t\t\t\t\t<\/div>\n\t\t\t\t\t\n\t\t\t\t\t\t\t\t\t\t\t<a class=\"elementor-flip-box__button elementor-button elementor-size-sm\" href=\"https:\/\/www.tradicytaunay.com.br\/imoveis\/para-alugar\" target=\"_blank\">\n\t\t\t\t\t\t\tClique Aqui\t\t\t\t\t\t<\/a>\n\t\t\t\t\t\t\t\t<\/div>\n\t\t<\/div>\n\t\t<\/div>\n\t\t<\/div>\n\t\t\t\t\t\t<\/div>\n\t\t\t\t<\/div>\n\t\t\t\t<\/div>\n\t\t<div class=\"elementor-element elementor-element-ee30e3d e-con-full e-flex e-con e-child\" data-id=\"ee30e3d\" data-element_type=\"container\" data-e-type=\"container\">\n\t\t\t\t<div class=\"elementor-element elementor-element-11f1659 elementor-flip-box--effect-slide elementor-flip-box--direction-up elementor-widget elementor-widget-flip-box\" data-id=\"11f1659\" data-element_type=\"widget\" data-e-type=\"widget\" data-widget_type=\"flip-box.default\">\n\t\t\t\t<div class=\"elementor-widget-container\">\n\t\t\t\t\t\t\t<div class=\"elementor-flip-box\" tabindex=\"0\">\n\t\t\t<div class=\"elementor-flip-box__layer elementor-flip-box__front\">\n\t\t\t\t<div class=\"elementor-flip-box__layer__overlay\">\n\t\t\t\t\t<div class=\"elementor-flip-box__layer__inner\">\n\t\t\t\t\t\t\t\t\t\t\t\t\t<div class=\"elementor-flip-box__image\">\n\t\t\t\t\t\t\t\t<img decoding=\"async\" width=\"150\" height=\"150\" src=\"https:\/\/www.tradicy.com.br\/wp4\/wp-content\/uploads\/2024\/03\/caixa-download-png-5-150x150.png\" class=\"attachment-thumbnail size-thumbnail wp-image-1464\" alt=\"\" \/>\t\t\t\t\t\t\t<\/div>\n\t\t\t\t\t\t\n\t\t\t\t\t\t\t\t\t\t\t\t\t<h3 class=\"elementor-flip-box__layer__title\">\n\t\t\t\t\t\t\t\tIm\u00f3veis CAIXA\t\t\t\t\t\t\t<\/h3>\n\t\t\t\t\t\t\n\t\t\t\t\t\t\t\t\t\t\t\t\t<div class=\"elementor-flip-box__layer__description\">\n\t\t\t\t\t\t\t\tLista dos im\u00f3veis retomados da CAIXA, em leil\u00e3o extrajudicial, venda online e venda direta online.\t\t\t\t\t\t\t<\/div>\n\t\t\t\t\t\t\t\t\t\t\t<\/div>\n\t\t\t\t<\/div>\n\t\t\t<\/div>\n\t\t\t<div class=\"elementor-flip-box__layer elementor-flip-box__back\">\n\t\t\t<div class=\"elementor-flip-box__layer__overlay\">\n\t\t\t\t<div class=\"elementor-flip-box__layer__inner\">\n\t\t\t\t\t\t\t\t\t\t\t<h3 class=\"elementor-flip-box__layer__title\">\n\t\t\t\t\t\t\tRetomados CAIXA\t\t\t\t\t\t<\/h3>\n\t\t\t\t\t\n\t\t\t\t\t\t\t\t\t\t\t<div class=\"elementor-flip-box__layer__description\">\n\t\t\t\t\t\t\tLeil\u00f5es extrajudiciais e venda direta\t\t\t\t\t\t<\/div>\n\t\t\t\t\t\n\t\t\t\t\t\t\t\t\t\t\t<a class=\"elementor-flip-box__button elementor-button elementor-size-sm\" href=\"https:\/\/www.tradicy.com.br\/wp4\/busca-imovel\/tabela-retomados-caixa\/\">\n\t\t\t\t\t\t\tClique Aqui\t\t\t\t\t\t<\/a>\n\t\t\t\t\t\t\t\t<\/div>\n\t\t<\/div>\n\t\t<\/div>\n\t\t<\/div>\n\t\t\t\t\t\t<\/div>\n\t\t\t\t<\/div>\n\t\t\t\t<\/div>\n\t\t<div class=\"elementor-element elementor-element-7f59163 e-con-full e-flex e-con e-child\" data-id=\"7f59163\" data-element_type=\"container\" data-e-type=\"container\">\n\t\t\t\t<\/div>\n\t\t<div class=\"elementor-element elementor-element-2a08237 e-con-full e-flex e-con e-child\" data-id=\"2a08237\" data-element_type=\"container\" data-e-type=\"container\">\n\t\t\t\t<\/div>\n\t\t<div class=\"elementor-element elementor-element-796b165 e-con-full e-flex e-con e-child\" data-id=\"796b165\" data-element_type=\"container\" data-e-type=\"container\">\n\t\t\t\t<\/div>\n\t\t\t\t\t<\/div>\n\t\t\t\t<\/div>\n\t\t\t\t<\/div>\n\t\t","protected":false},"excerpt":{"rendered":"<p>Im\u00f3veis para comprar Listas dos im\u00f3veis comerciais e residenciais \u00e0 venda. Im\u00f3veis \u00e0 venda Comerciais e Residenciais Clique Aqui Im\u00f3veis para alugar Listas dos im\u00f3veis comerciais e residenciais para loca\u00e7\u00e3o. Im\u00f3veis para loca\u00e7\u00e3o Comerciais e Residenciais Clique Aqui Im\u00f3veis CAIXA Lista dos im\u00f3veis retomados da CAIXA, em leil\u00e3o extrajudicial, venda online e venda direta online. [&hellip;]<\/p>\n","protected":false},"author":1,"featured_media":0,"parent":0,"menu_order":0,"comment_status":"closed","ping_status":"closed","template":"","meta":{"_acf_changed":false,"footnotes":""},"class_list":["post-1411","page","type-page","status-publish","hentry"],"acf":[],"yoast_head":"<!-- This site is optimized with the Yoast SEO Premium plugin v26.6 (Yoast SEO v27.5) - https:\/\/yoast.com\/product\/yoast-seo-premium-wordpress\/ -->\n<title>Busca Im\u00f3vel - Tradicy Taunay Imobili\u00e1ria Ltda. CRECI RJ 2523.<\/title>\n<meta name=\"robots\" content=\"index, follow, max-snippet:-1, max-image-preview:large, max-video-preview:-1\" \/>\n<link rel=\"canonical\" href=\"https:\/\/www.tradicy.com.br\/wp4\/busca-imovel\/\" \/>\n<meta property=\"og:locale\" content=\"pt_BR\" \/>\n<meta property=\"og:type\" content=\"article\" \/>\n<meta property=\"og:title\" content=\"Busca Im\u00f3vel\" \/>\n<meta property=\"og:description\" content=\"Im\u00f3veis para comprar Listas dos im\u00f3veis comerciais e residenciais \u00e0 venda. Im\u00f3veis \u00e0 venda Comerciais e Residenciais Clique Aqui Im\u00f3veis para alugar Listas dos im\u00f3veis comerciais e residenciais para loca\u00e7\u00e3o. Im\u00f3veis para loca\u00e7\u00e3o Comerciais e Residenciais Clique Aqui Im\u00f3veis CAIXA Lista dos im\u00f3veis retomados da CAIXA, em leil\u00e3o extrajudicial, venda online e venda direta online. [&hellip;]\" \/>\n<meta property=\"og:url\" content=\"https:\/\/www.tradicy.com.br\/wp4\/busca-imovel\/\" \/>\n<meta property=\"og:site_name\" content=\"Tradicy Taunay Imobili\u00e1ria Ltda. CRECI RJ 2523.\" \/>\n<meta property=\"article:publisher\" content=\"https:\/\/www.facebook.com\/tradicy.com.br\/\" \/>\n<meta property=\"article:modified_time\" content=\"2025-12-03T08:54:55+00:00\" \/>\n<meta property=\"og:image\" content=\"https:\/\/www.tradicy.com.br\/wp4\/wp-content\/uploads\/2024\/03\/caixa-download-png-5.png\" \/>\n\t<meta property=\"og:image:width\" content=\"600\" \/>\n\t<meta property=\"og:image:height\" content=\"600\" \/>\n\t<meta property=\"og:image:type\" content=\"image\/png\" \/>\n<meta name=\"twitter:card\" content=\"summary_large_image\" \/>\n<meta name=\"twitter:label1\" content=\"Est. tempo de leitura\" \/>\n\t<meta name=\"twitter:data1\" content=\"1 minuto\" \/>\n<script type=\"application\/ld+json\" class=\"yoast-schema-graph\">{\"@context\":\"https:\\\/\\\/schema.org\",\"@graph\":[{\"@type\":\"WebPage\",\"@id\":\"https:\\\/\\\/www.tradicy.com.br\\\/wp4\\\/busca-imovel\\\/\",\"url\":\"https:\\\/\\\/www.tradicy.com.br\\\/wp4\\\/busca-imovel\\\/\",\"name\":\"Busca Im\u00f3vel - Tradicy Taunay Imobili\u00e1ria Ltda. CRECI RJ 2523.\",\"isPartOf\":{\"@id\":\"https:\\\/\\\/www.tradicy.com.br\\\/wp4\\\/#website\"},\"primaryImageOfPage\":{\"@id\":\"https:\\\/\\\/www.tradicy.com.br\\\/wp4\\\/busca-imovel\\\/#primaryimage\"},\"image\":{\"@id\":\"https:\\\/\\\/www.tradicy.com.br\\\/wp4\\\/busca-imovel\\\/#primaryimage\"},\"thumbnailUrl\":\"https:\\\/\\\/www.tradicy.com.br\\\/wp4\\\/wp-content\\\/uploads\\\/2024\\\/03\\\/caixa-download-png-5-150x150.png\",\"datePublished\":\"2024-03-02T01:55:30+00:00\",\"dateModified\":\"2025-12-03T08:54:55+00:00\",\"breadcrumb\":{\"@id\":\"https:\\\/\\\/www.tradicy.com.br\\\/wp4\\\/busca-imovel\\\/#breadcrumb\"},\"inLanguage\":\"pt-BR\",\"potentialAction\":[{\"@type\":\"ReadAction\",\"target\":[\"https:\\\/\\\/www.tradicy.com.br\\\/wp4\\\/busca-imovel\\\/\"]}]},{\"@type\":\"ImageObject\",\"inLanguage\":\"pt-BR\",\"@id\":\"https:\\\/\\\/www.tradicy.com.br\\\/wp4\\\/busca-imovel\\\/#primaryimage\",\"url\":\"https:\\\/\\\/www.tradicy.com.br\\\/wp4\\\/wp-content\\\/uploads\\\/2024\\\/03\\\/caixa-download-png-5.png\",\"contentUrl\":\"https:\\\/\\\/www.tradicy.com.br\\\/wp4\\\/wp-content\\\/uploads\\\/2024\\\/03\\\/caixa-download-png-5.png\",\"width\":600,\"height\":600},{\"@type\":\"BreadcrumbList\",\"@id\":\"https:\\\/\\\/www.tradicy.com.br\\\/wp4\\\/busca-imovel\\\/#breadcrumb\",\"itemListElement\":[{\"@type\":\"ListItem\",\"position\":1,\"name\":\"In\u00edcio\",\"item\":\"https:\\\/\\\/www.tradicy.com.br\\\/wp4\\\/\"},{\"@type\":\"ListItem\",\"position\":2,\"name\":\"Busca Im\u00f3vel\"}]},{\"@type\":\"WebSite\",\"@id\":\"https:\\\/\\\/www.tradicy.com.br\\\/wp4\\\/#website\",\"url\":\"https:\\\/\\\/www.tradicy.com.br\\\/wp4\\\/\",\"name\":\"Tradicy Taunay Imobili\u00e1ria Ltda. CRECI RJ 2523.\",\"description\":\"Compra, venda, loca\u00e7\u00e3o e administra\u00e7\u00e3o de im\u00f3veis comerciais e residenciais.\",\"publisher\":{\"@id\":\"https:\\\/\\\/www.tradicy.com.br\\\/wp4\\\/#organization\"},\"alternateName\":\"Tradicy Imobili\u00e1ria\",\"potentialAction\":[{\"@type\":\"SearchAction\",\"target\":{\"@type\":\"EntryPoint\",\"urlTemplate\":\"https:\\\/\\\/www.tradicy.com.br\\\/wp4\\\/?s={search_term_string}\"},\"query-input\":{\"@type\":\"PropertyValueSpecification\",\"valueRequired\":true,\"valueName\":\"search_term_string\"}}],\"inLanguage\":\"pt-BR\"},{\"@type\":\"Organization\",\"@id\":\"https:\\\/\\\/www.tradicy.com.br\\\/wp4\\\/#organization\",\"name\":\"Tradicy Taunay Imobili\u00e1ria Ltda. CRECI RJ 2523.\",\"url\":\"https:\\\/\\\/www.tradicy.com.br\\\/wp4\\\/\",\"logo\":{\"@type\":\"ImageObject\",\"inLanguage\":\"pt-BR\",\"@id\":\"https:\\\/\\\/www.tradicy.com.br\\\/wp4\\\/#\\\/schema\\\/logo\\\/image\\\/\",\"url\":\"https:\\\/\\\/www.tradicy.com.br\\\/wp4\\\/wp-content\\\/uploads\\\/2023\\\/06\\\/principal_cor.png\",\"contentUrl\":\"https:\\\/\\\/www.tradicy.com.br\\\/wp4\\\/wp-content\\\/uploads\\\/2023\\\/06\\\/principal_cor.png\",\"width\":567,\"height\":567,\"caption\":\"Tradicy Taunay Imobili\u00e1ria Ltda. CRECI RJ 2523.\"},\"image\":{\"@id\":\"https:\\\/\\\/www.tradicy.com.br\\\/wp4\\\/#\\\/schema\\\/logo\\\/image\\\/\"},\"sameAs\":[\"https:\\\/\\\/www.facebook.com\\\/tradicy.com.br\\\/\",\"https:\\\/\\\/www.instagram.com\\\/tradicy.com.br\\\/\"]}]}<\/script>\n<!-- \/ Yoast SEO Premium plugin. -->","yoast_head_json":{"title":"Busca Im\u00f3vel - Tradicy Taunay Imobili\u00e1ria Ltda. CRECI RJ 2523.","robots":{"index":"index","follow":"follow","max-snippet":"max-snippet:-1","max-image-preview":"max-image-preview:large","max-video-preview":"max-video-preview:-1"},"canonical":"https:\/\/www.tradicy.com.br\/wp4\/busca-imovel\/","og_locale":"pt_BR","og_type":"article","og_title":"Busca Im\u00f3vel","og_description":"Im\u00f3veis para comprar Listas dos im\u00f3veis comerciais e residenciais \u00e0 venda. Im\u00f3veis \u00e0 venda Comerciais e Residenciais Clique Aqui Im\u00f3veis para alugar Listas dos im\u00f3veis comerciais e residenciais para loca\u00e7\u00e3o. Im\u00f3veis para loca\u00e7\u00e3o Comerciais e Residenciais Clique Aqui Im\u00f3veis CAIXA Lista dos im\u00f3veis retomados da CAIXA, em leil\u00e3o extrajudicial, venda online e venda direta online. [&hellip;]","og_url":"https:\/\/www.tradicy.com.br\/wp4\/busca-imovel\/","og_site_name":"Tradicy Taunay Imobili\u00e1ria Ltda. CRECI RJ 2523.","article_publisher":"https:\/\/www.facebook.com\/tradicy.com.br\/","article_modified_time":"2025-12-03T08:54:55+00:00","og_image":[{"width":600,"height":600,"url":"https:\/\/www.tradicy.com.br\/wp4\/wp-content\/uploads\/2024\/03\/caixa-download-png-5.png","type":"image\/png"}],"twitter_card":"summary_large_image","twitter_misc":{"Est. tempo de leitura":"1 minuto"},"schema":{"@context":"https:\/\/schema.org","@graph":[{"@type":"WebPage","@id":"https:\/\/www.tradicy.com.br\/wp4\/busca-imovel\/","url":"https:\/\/www.tradicy.com.br\/wp4\/busca-imovel\/","name":"Busca Im\u00f3vel - Tradicy Taunay Imobili\u00e1ria Ltda. CRECI RJ 2523.","isPartOf":{"@id":"https:\/\/www.tradicy.com.br\/wp4\/#website"},"primaryImageOfPage":{"@id":"https:\/\/www.tradicy.com.br\/wp4\/busca-imovel\/#primaryimage"},"image":{"@id":"https:\/\/www.tradicy.com.br\/wp4\/busca-imovel\/#primaryimage"},"thumbnailUrl":"https:\/\/www.tradicy.com.br\/wp4\/wp-content\/uploads\/2024\/03\/caixa-download-png-5-150x150.png","datePublished":"2024-03-02T01:55:30+00:00","dateModified":"2025-12-03T08:54:55+00:00","breadcrumb":{"@id":"https:\/\/www.tradicy.com.br\/wp4\/busca-imovel\/#breadcrumb"},"inLanguage":"pt-BR","potentialAction":[{"@type":"ReadAction","target":["https:\/\/www.tradicy.com.br\/wp4\/busca-imovel\/"]}]},{"@type":"ImageObject","inLanguage":"pt-BR","@id":"https:\/\/www.tradicy.com.br\/wp4\/busca-imovel\/#primaryimage","url":"https:\/\/www.tradicy.com.br\/wp4\/wp-content\/uploads\/2024\/03\/caixa-download-png-5.png","contentUrl":"https:\/\/www.tradicy.com.br\/wp4\/wp-content\/uploads\/2024\/03\/caixa-download-png-5.png","width":600,"height":600},{"@type":"BreadcrumbList","@id":"https:\/\/www.tradicy.com.br\/wp4\/busca-imovel\/#breadcrumb","itemListElement":[{"@type":"ListItem","position":1,"name":"In\u00edcio","item":"https:\/\/www.tradicy.com.br\/wp4\/"},{"@type":"ListItem","position":2,"name":"Busca Im\u00f3vel"}]},{"@type":"WebSite","@id":"https:\/\/www.tradicy.com.br\/wp4\/#website","url":"https:\/\/www.tradicy.com.br\/wp4\/","name":"Tradicy Taunay Imobili\u00e1ria Ltda. CRECI RJ 2523.","description":"Compra, venda, loca\u00e7\u00e3o e administra\u00e7\u00e3o de im\u00f3veis comerciais e residenciais.","publisher":{"@id":"https:\/\/www.tradicy.com.br\/wp4\/#organization"},"alternateName":"Tradicy Imobili\u00e1ria","potentialAction":[{"@type":"SearchAction","target":{"@type":"EntryPoint","urlTemplate":"https:\/\/www.tradicy.com.br\/wp4\/?s={search_term_string}"},"query-input":{"@type":"PropertyValueSpecification","valueRequired":true,"valueName":"search_term_string"}}],"inLanguage":"pt-BR"},{"@type":"Organization","@id":"https:\/\/www.tradicy.com.br\/wp4\/#organization","name":"Tradicy Taunay Imobili\u00e1ria Ltda. CRECI RJ 2523.","url":"https:\/\/www.tradicy.com.br\/wp4\/","logo":{"@type":"ImageObject","inLanguage":"pt-BR","@id":"https:\/\/www.tradicy.com.br\/wp4\/#\/schema\/logo\/image\/","url":"https:\/\/www.tradicy.com.br\/wp4\/wp-content\/uploads\/2023\/06\/principal_cor.png","contentUrl":"https:\/\/www.tradicy.com.br\/wp4\/wp-content\/uploads\/2023\/06\/principal_cor.png","width":567,"height":567,"caption":"Tradicy Taunay Imobili\u00e1ria Ltda. CRECI RJ 2523."},"image":{"@id":"https:\/\/www.tradicy.com.br\/wp4\/#\/schema\/logo\/image\/"},"sameAs":["https:\/\/www.facebook.com\/tradicy.com.br\/","https:\/\/www.instagram.com\/tradicy.com.br\/"]}]}},"_links":{"self":[{"href":"https:\/\/www.tradicy.com.br\/wp4\/wp-json\/wp\/v2\/pages\/1411","targetHints":{"allow":["GET"]}}],"collection":[{"href":"https:\/\/www.tradicy.com.br\/wp4\/wp-json\/wp\/v2\/pages"}],"about":[{"href":"https:\/\/www.tradicy.com.br\/wp4\/wp-json\/wp\/v2\/types\/page"}],"author":[{"embeddable":true,"href":"https:\/\/www.tradicy.com.br\/wp4\/wp-json\/wp\/v2\/users\/1"}],"replies":[{"embeddable":true,"href":"https:\/\/www.tradicy.com.br\/wp4\/wp-json\/wp\/v2\/comments?post=1411"}],"version-history":[{"count":22,"href":"https:\/\/www.tradicy.com.br\/wp4\/wp-json\/wp\/v2\/pages\/1411\/revisions"}],"predecessor-version":[{"id":2278,"href":"https:\/\/www.tradicy.com.br\/wp4\/wp-json\/wp\/v2\/pages\/1411\/revisions\/2278"}],"wp:attachment":[{"href":"https:\/\/www.tradicy.com.br\/wp4\/wp-json\/wp\/v2\/media?parent=1411"}],"curies":[{"name":"wp","href":"https:\/\/api.w.org\/{rel}","templated":true}]}}