{"id":1502,"date":"2024-03-02T03:02:34","date_gmt":"2024-03-02T06:02:34","guid":{"rendered":"https:\/\/www.tradicy.com.br\/wp4\/?page_id=1502"},"modified":"2024-11-16T12:45:36","modified_gmt":"2024-11-16T15:45:36","slug":"lista-imovel-email","status":"publish","type":"page","link":"https:\/\/www.tradicy.com.br\/wp4\/busca-imovel\/lista-imovel-email\/","title":{"rendered":"Lista de im\u00f3vel por email"},"content":{"rendered":"\t\t<div data-elementor-type=\"wp-page\" data-elementor-id=\"1502\" class=\"elementor elementor-1502\" data-elementor-post-type=\"page\">\n\t\t\t\t<div class=\"elementor-element elementor-element-08dae0c e-flex e-con-boxed e-con e-parent\" data-id=\"08dae0c\" data-element_type=\"container\" data-e-type=\"container\">\n\t\t\t\t\t<div class=\"e-con-inner\">\n\t\t\t\t<div class=\"elementor-element elementor-element-2e4416a elementor-headline--style-highlight elementor-widget elementor-widget-animated-headline\" data-id=\"2e4416a\" data-element_type=\"widget\" data-e-type=\"widget\" data-settings=\"{&quot;highlighted_text&quot;:&quot;E-mail&quot;,&quot;headline_style&quot;:&quot;highlight&quot;,&quot;marker&quot;:&quot;circle&quot;,&quot;loop&quot;:&quot;yes&quot;,&quot;highlight_animation_duration&quot;:1200,&quot;highlight_iteration_delay&quot;:8000}\" data-widget_type=\"animated-headline.default\">\n\t\t\t\t<div class=\"elementor-widget-container\">\n\t\t\t\t\t\t\t<h3 class=\"elementor-headline\">\n\t\t\t\t\t<span class=\"elementor-headline-plain-text elementor-headline-text-wrapper\">Receba a lista dos im\u00f3veis CAIXA por <\/span>\n\t\t\t\t<span class=\"elementor-headline-dynamic-wrapper elementor-headline-text-wrapper\">\n\t\t\t\t\t<span class=\"elementor-headline-dynamic-text elementor-headline-text-active\">E-mail<\/span>\n\t\t\t\t<\/span>\n\t\t\t\t<\/h3>\n\t\t\t\t\t\t<\/div>\n\t\t\t\t<\/div>\n\t\t\t\t\t<\/div>\n\t\t\t\t<\/div>\n\t\t<div class=\"elementor-element elementor-element-cff511f e-flex e-con-boxed e-con e-parent\" data-id=\"cff511f\" data-element_type=\"container\" data-e-type=\"container\">\n\t\t\t\t\t<div class=\"e-con-inner\">\n\t\t<div class=\"elementor-element elementor-element-58e0c39 e-con-full e-flex e-con e-child\" data-id=\"58e0c39\" data-element_type=\"container\" data-e-type=\"container\">\n\t\t\t\t<div class=\"elementor-element elementor-element-0c6bbf7 elementor-widget elementor-widget-image\" data-id=\"0c6bbf7\" data-element_type=\"widget\" data-e-type=\"widget\" data-widget_type=\"image.default\">\n\t\t\t\t<div class=\"elementor-widget-container\">\n\t\t\t\t\t\t\t\t\t\t\t\t\t\t\t<img fetchpriority=\"high\" decoding=\"async\" width=\"640\" height=\"427\" src=\"https:\/\/www.tradicy.com.br\/wp4\/wp-content\/uploads\/2024\/03\/horizontal-shot-of-optimistic-afro-american-woman-2021-08-31-09-15-31-utc-1024x683.jpg\" class=\"attachment-large size-large wp-image-1448\" alt=\"\" \/>\t\t\t\t\t\t\t\t\t\t\t\t\t\t\t<\/div>\n\t\t\t\t<\/div>\n\t\t\t\t<\/div>\n\t\t<div class=\"elementor-element elementor-element-d796788 e-con-full e-flex e-con e-child\" data-id=\"d796788\" data-element_type=\"container\" data-e-type=\"container\">\n\t\t\t\t<div class=\"elementor-element elementor-element-0ae09d9 elementor-widget elementor-widget-html\" data-id=\"0ae09d9\" data-element_type=\"widget\" data-e-type=\"widget\" data-widget_type=\"html.default\">\n\t\t\t\t<div class=\"elementor-widget-container\">\n\t\t\t\t\t<div id=\"opt_6\" style=\"height: 800px;\"><\/div>\t\t\t\t<\/div>\n\t\t\t\t<\/div>\n\t\t\t\t<\/div>\n\t\t\t\t\t<\/div>\n\t\t\t\t<\/div>\n\t\t\t\t<\/div>\n\t\t","protected":false},"excerpt":{"rendered":"<p>Receba a lista dos im\u00f3veis CAIXA por E-mail<\/p>\n","protected":false},"author":1,"featured_media":0,"parent":1411,"menu_order":0,"comment_status":"closed","ping_status":"closed","template":"","meta":{"_acf_changed":false,"footnotes":""},"class_list":["post-1502","page","type-page","status-publish","hentry"],"acf":[],"yoast_head":"<!-- This site is optimized with the Yoast SEO Premium plugin v26.6 (Yoast SEO v27.5) - https:\/\/yoast.com\/product\/yoast-seo-premium-wordpress\/ -->\n<title>Lista de im\u00f3vel por email - Tradicy Taunay Imobili\u00e1ria Ltda. CRECI RJ 2523.<\/title>\n<meta name=\"robots\" content=\"index, follow, max-snippet:-1, max-image-preview:large, max-video-preview:-1\" \/>\n<link rel=\"canonical\" href=\"https:\/\/www.tradicy.com.br\/wp4\/busca-imovel\/lista-imovel-email\/\" \/>\n<meta property=\"og:locale\" content=\"pt_BR\" \/>\n<meta property=\"og:type\" content=\"article\" \/>\n<meta property=\"og:title\" content=\"Lista de im\u00f3vel por email\" \/>\n<meta property=\"og:description\" content=\"Receba a lista dos im\u00f3veis CAIXA por E-mail\" \/>\n<meta property=\"og:url\" content=\"https:\/\/www.tradicy.com.br\/wp4\/busca-imovel\/lista-imovel-email\/\" \/>\n<meta property=\"og:site_name\" content=\"Tradicy Taunay Imobili\u00e1ria Ltda. CRECI RJ 2523.\" \/>\n<meta property=\"article:publisher\" content=\"https:\/\/www.facebook.com\/tradicy.com.br\/\" \/>\n<meta property=\"article:modified_time\" content=\"2024-11-16T15:45:36+00:00\" \/>\n<meta property=\"og:image\" content=\"https:\/\/www.tradicy.com.br\/wp4\/wp-content\/uploads\/2024\/03\/horizontal-shot-of-optimistic-afro-american-woman-2021-08-31-09-15-31-utc.jpg\" \/>\n\t<meta property=\"og:image:width\" content=\"1180\" \/>\n\t<meta property=\"og:image:height\" content=\"787\" \/>\n\t<meta property=\"og:image:type\" content=\"image\/jpeg\" \/>\n<meta name=\"twitter:card\" content=\"summary_large_image\" \/>\n<meta name=\"twitter:label1\" content=\"Est. tempo de leitura\" \/>\n\t<meta name=\"twitter:data1\" content=\"1 minuto\" \/>\n<script type=\"application\/ld+json\" class=\"yoast-schema-graph\">{\"@context\":\"https:\\\/\\\/schema.org\",\"@graph\":[{\"@type\":\"WebPage\",\"@id\":\"https:\\\/\\\/www.tradicy.com.br\\\/wp4\\\/busca-imovel\\\/lista-imovel-email\\\/\",\"url\":\"https:\\\/\\\/www.tradicy.com.br\\\/wp4\\\/busca-imovel\\\/lista-imovel-email\\\/\",\"name\":\"Lista de im\u00f3vel por email - Tradicy Taunay Imobili\u00e1ria Ltda. CRECI RJ 2523.\",\"isPartOf\":{\"@id\":\"https:\\\/\\\/www.tradicy.com.br\\\/wp4\\\/#website\"},\"primaryImageOfPage\":{\"@id\":\"https:\\\/\\\/www.tradicy.com.br\\\/wp4\\\/busca-imovel\\\/lista-imovel-email\\\/#primaryimage\"},\"image\":{\"@id\":\"https:\\\/\\\/www.tradicy.com.br\\\/wp4\\\/busca-imovel\\\/lista-imovel-email\\\/#primaryimage\"},\"thumbnailUrl\":\"https:\\\/\\\/www.tradicy.com.br\\\/wp4\\\/wp-content\\\/uploads\\\/2024\\\/03\\\/horizontal-shot-of-optimistic-afro-american-woman-2021-08-31-09-15-31-utc-1024x683.jpg\",\"datePublished\":\"2024-03-02T06:02:34+00:00\",\"dateModified\":\"2024-11-16T15:45:36+00:00\",\"breadcrumb\":{\"@id\":\"https:\\\/\\\/www.tradicy.com.br\\\/wp4\\\/busca-imovel\\\/lista-imovel-email\\\/#breadcrumb\"},\"inLanguage\":\"pt-BR\",\"potentialAction\":[{\"@type\":\"ReadAction\",\"target\":[\"https:\\\/\\\/www.tradicy.com.br\\\/wp4\\\/busca-imovel\\\/lista-imovel-email\\\/\"]}]},{\"@type\":\"ImageObject\",\"inLanguage\":\"pt-BR\",\"@id\":\"https:\\\/\\\/www.tradicy.com.br\\\/wp4\\\/busca-imovel\\\/lista-imovel-email\\\/#primaryimage\",\"url\":\"https:\\\/\\\/www.tradicy.com.br\\\/wp4\\\/wp-content\\\/uploads\\\/2024\\\/03\\\/horizontal-shot-of-optimistic-afro-american-woman-2021-08-31-09-15-31-utc.jpg\",\"contentUrl\":\"https:\\\/\\\/www.tradicy.com.br\\\/wp4\\\/wp-content\\\/uploads\\\/2024\\\/03\\\/horizontal-shot-of-optimistic-afro-american-woman-2021-08-31-09-15-31-utc.jpg\",\"width\":1180,\"height\":787},{\"@type\":\"BreadcrumbList\",\"@id\":\"https:\\\/\\\/www.tradicy.com.br\\\/wp4\\\/busca-imovel\\\/lista-imovel-email\\\/#breadcrumb\",\"itemListElement\":[{\"@type\":\"ListItem\",\"position\":1,\"name\":\"In\u00edcio\",\"item\":\"https:\\\/\\\/www.tradicy.com.br\\\/wp4\\\/\"},{\"@type\":\"ListItem\",\"position\":2,\"name\":\"Busca Im\u00f3vel\",\"item\":\"https:\\\/\\\/www.tradicy.com.br\\\/wp4\\\/busca-imovel\\\/\"},{\"@type\":\"ListItem\",\"position\":3,\"name\":\"Lista de im\u00f3vel por email\"}]},{\"@type\":\"WebSite\",\"@id\":\"https:\\\/\\\/www.tradicy.com.br\\\/wp4\\\/#website\",\"url\":\"https:\\\/\\\/www.tradicy.com.br\\\/wp4\\\/\",\"name\":\"Tradicy Taunay Imobili\u00e1ria Ltda. CRECI RJ 2523.\",\"description\":\"Compra, venda, loca\u00e7\u00e3o e administra\u00e7\u00e3o de im\u00f3veis comerciais e residenciais.\",\"publisher\":{\"@id\":\"https:\\\/\\\/www.tradicy.com.br\\\/wp4\\\/#organization\"},\"alternateName\":\"Tradicy Imobili\u00e1ria\",\"potentialAction\":[{\"@type\":\"SearchAction\",\"target\":{\"@type\":\"EntryPoint\",\"urlTemplate\":\"https:\\\/\\\/www.tradicy.com.br\\\/wp4\\\/?s={search_term_string}\"},\"query-input\":{\"@type\":\"PropertyValueSpecification\",\"valueRequired\":true,\"valueName\":\"search_term_string\"}}],\"inLanguage\":\"pt-BR\"},{\"@type\":\"Organization\",\"@id\":\"https:\\\/\\\/www.tradicy.com.br\\\/wp4\\\/#organization\",\"name\":\"Tradicy Taunay Imobili\u00e1ria Ltda. CRECI RJ 2523.\",\"url\":\"https:\\\/\\\/www.tradicy.com.br\\\/wp4\\\/\",\"logo\":{\"@type\":\"ImageObject\",\"inLanguage\":\"pt-BR\",\"@id\":\"https:\\\/\\\/www.tradicy.com.br\\\/wp4\\\/#\\\/schema\\\/logo\\\/image\\\/\",\"url\":\"https:\\\/\\\/www.tradicy.com.br\\\/wp4\\\/wp-content\\\/uploads\\\/2023\\\/06\\\/principal_cor.png\",\"contentUrl\":\"https:\\\/\\\/www.tradicy.com.br\\\/wp4\\\/wp-content\\\/uploads\\\/2023\\\/06\\\/principal_cor.png\",\"width\":567,\"height\":567,\"caption\":\"Tradicy Taunay Imobili\u00e1ria Ltda. CRECI RJ 2523.\"},\"image\":{\"@id\":\"https:\\\/\\\/www.tradicy.com.br\\\/wp4\\\/#\\\/schema\\\/logo\\\/image\\\/\"},\"sameAs\":[\"https:\\\/\\\/www.facebook.com\\\/tradicy.com.br\\\/\",\"https:\\\/\\\/www.instagram.com\\\/tradicy.com.br\\\/\"]}]}<\/script>\n<!-- \/ Yoast SEO Premium plugin. -->","yoast_head_json":{"title":"Lista de im\u00f3vel por email - Tradicy Taunay Imobili\u00e1ria Ltda. CRECI RJ 2523.","robots":{"index":"index","follow":"follow","max-snippet":"max-snippet:-1","max-image-preview":"max-image-preview:large","max-video-preview":"max-video-preview:-1"},"canonical":"https:\/\/www.tradicy.com.br\/wp4\/busca-imovel\/lista-imovel-email\/","og_locale":"pt_BR","og_type":"article","og_title":"Lista de im\u00f3vel por email","og_description":"Receba a lista dos im\u00f3veis CAIXA por E-mail","og_url":"https:\/\/www.tradicy.com.br\/wp4\/busca-imovel\/lista-imovel-email\/","og_site_name":"Tradicy Taunay Imobili\u00e1ria Ltda. CRECI RJ 2523.","article_publisher":"https:\/\/www.facebook.com\/tradicy.com.br\/","article_modified_time":"2024-11-16T15:45:36+00:00","og_image":[{"width":1180,"height":787,"url":"https:\/\/www.tradicy.com.br\/wp4\/wp-content\/uploads\/2024\/03\/horizontal-shot-of-optimistic-afro-american-woman-2021-08-31-09-15-31-utc.jpg","type":"image\/jpeg"}],"twitter_card":"summary_large_image","twitter_misc":{"Est. tempo de leitura":"1 minuto"},"schema":{"@context":"https:\/\/schema.org","@graph":[{"@type":"WebPage","@id":"https:\/\/www.tradicy.com.br\/wp4\/busca-imovel\/lista-imovel-email\/","url":"https:\/\/www.tradicy.com.br\/wp4\/busca-imovel\/lista-imovel-email\/","name":"Lista de im\u00f3vel por email - Tradicy Taunay Imobili\u00e1ria Ltda. CRECI RJ 2523.","isPartOf":{"@id":"https:\/\/www.tradicy.com.br\/wp4\/#website"},"primaryImageOfPage":{"@id":"https:\/\/www.tradicy.com.br\/wp4\/busca-imovel\/lista-imovel-email\/#primaryimage"},"image":{"@id":"https:\/\/www.tradicy.com.br\/wp4\/busca-imovel\/lista-imovel-email\/#primaryimage"},"thumbnailUrl":"https:\/\/www.tradicy.com.br\/wp4\/wp-content\/uploads\/2024\/03\/horizontal-shot-of-optimistic-afro-american-woman-2021-08-31-09-15-31-utc-1024x683.jpg","datePublished":"2024-03-02T06:02:34+00:00","dateModified":"2024-11-16T15:45:36+00:00","breadcrumb":{"@id":"https:\/\/www.tradicy.com.br\/wp4\/busca-imovel\/lista-imovel-email\/#breadcrumb"},"inLanguage":"pt-BR","potentialAction":[{"@type":"ReadAction","target":["https:\/\/www.tradicy.com.br\/wp4\/busca-imovel\/lista-imovel-email\/"]}]},{"@type":"ImageObject","inLanguage":"pt-BR","@id":"https:\/\/www.tradicy.com.br\/wp4\/busca-imovel\/lista-imovel-email\/#primaryimage","url":"https:\/\/www.tradicy.com.br\/wp4\/wp-content\/uploads\/2024\/03\/horizontal-shot-of-optimistic-afro-american-woman-2021-08-31-09-15-31-utc.jpg","contentUrl":"https:\/\/www.tradicy.com.br\/wp4\/wp-content\/uploads\/2024\/03\/horizontal-shot-of-optimistic-afro-american-woman-2021-08-31-09-15-31-utc.jpg","width":1180,"height":787},{"@type":"BreadcrumbList","@id":"https:\/\/www.tradicy.com.br\/wp4\/busca-imovel\/lista-imovel-email\/#breadcrumb","itemListElement":[{"@type":"ListItem","position":1,"name":"In\u00edcio","item":"https:\/\/www.tradicy.com.br\/wp4\/"},{"@type":"ListItem","position":2,"name":"Busca Im\u00f3vel","item":"https:\/\/www.tradicy.com.br\/wp4\/busca-imovel\/"},{"@type":"ListItem","position":3,"name":"Lista de im\u00f3vel por email"}]},{"@type":"WebSite","@id":"https:\/\/www.tradicy.com.br\/wp4\/#website","url":"https:\/\/www.tradicy.com.br\/wp4\/","name":"Tradicy Taunay Imobili\u00e1ria Ltda. CRECI RJ 2523.","description":"Compra, venda, loca\u00e7\u00e3o e administra\u00e7\u00e3o de im\u00f3veis comerciais e residenciais.","publisher":{"@id":"https:\/\/www.tradicy.com.br\/wp4\/#organization"},"alternateName":"Tradicy Imobili\u00e1ria","potentialAction":[{"@type":"SearchAction","target":{"@type":"EntryPoint","urlTemplate":"https:\/\/www.tradicy.com.br\/wp4\/?s={search_term_string}"},"query-input":{"@type":"PropertyValueSpecification","valueRequired":true,"valueName":"search_term_string"}}],"inLanguage":"pt-BR"},{"@type":"Organization","@id":"https:\/\/www.tradicy.com.br\/wp4\/#organization","name":"Tradicy Taunay Imobili\u00e1ria Ltda. CRECI RJ 2523.","url":"https:\/\/www.tradicy.com.br\/wp4\/","logo":{"@type":"ImageObject","inLanguage":"pt-BR","@id":"https:\/\/www.tradicy.com.br\/wp4\/#\/schema\/logo\/image\/","url":"https:\/\/www.tradicy.com.br\/wp4\/wp-content\/uploads\/2023\/06\/principal_cor.png","contentUrl":"https:\/\/www.tradicy.com.br\/wp4\/wp-content\/uploads\/2023\/06\/principal_cor.png","width":567,"height":567,"caption":"Tradicy Taunay Imobili\u00e1ria Ltda. CRECI RJ 2523."},"image":{"@id":"https:\/\/www.tradicy.com.br\/wp4\/#\/schema\/logo\/image\/"},"sameAs":["https:\/\/www.facebook.com\/tradicy.com.br\/","https:\/\/www.instagram.com\/tradicy.com.br\/"]}]}},"_links":{"self":[{"href":"https:\/\/www.tradicy.com.br\/wp4\/wp-json\/wp\/v2\/pages\/1502","targetHints":{"allow":["GET"]}}],"collection":[{"href":"https:\/\/www.tradicy.com.br\/wp4\/wp-json\/wp\/v2\/pages"}],"about":[{"href":"https:\/\/www.tradicy.com.br\/wp4\/wp-json\/wp\/v2\/types\/page"}],"author":[{"embeddable":true,"href":"https:\/\/www.tradicy.com.br\/wp4\/wp-json\/wp\/v2\/users\/1"}],"replies":[{"embeddable":true,"href":"https:\/\/www.tradicy.com.br\/wp4\/wp-json\/wp\/v2\/comments?post=1502"}],"version-history":[{"count":67,"href":"https:\/\/www.tradicy.com.br\/wp4\/wp-json\/wp\/v2\/pages\/1502\/revisions"}],"predecessor-version":[{"id":2147,"href":"https:\/\/www.tradicy.com.br\/wp4\/wp-json\/wp\/v2\/pages\/1502\/revisions\/2147"}],"up":[{"embeddable":true,"href":"https:\/\/www.tradicy.com.br\/wp4\/wp-json\/wp\/v2\/pages\/1411"}],"wp:attachment":[{"href":"https:\/\/www.tradicy.com.br\/wp4\/wp-json\/wp\/v2\/media?parent=1502"}],"curies":[{"name":"wp","href":"https:\/\/api.w.org\/{rel}","templated":true}]}}