{"id":1653,"date":"2024-03-02T11:27:03","date_gmt":"2024-03-02T14:27:03","guid":{"rendered":"https:\/\/www.tradicy.com.br\/wp4\/?page_id=1653"},"modified":"2024-03-15T00:20:15","modified_gmt":"2024-03-15T03:20:15","slug":"avalie-seu-imovel","status":"publish","type":"page","link":"https:\/\/www.tradicy.com.br\/wp4\/fale-conosco\/avalie-seu-imovel\/","title":{"rendered":"Avalie seu im\u00f3vel"},"content":{"rendered":"\t\t<div data-elementor-type=\"wp-page\" data-elementor-id=\"1653\" class=\"elementor elementor-1653\" data-elementor-post-type=\"page\">\n\t\t\t\t<div class=\"elementor-element elementor-element-95f8c31 e-flex e-con-boxed e-con e-parent\" data-id=\"95f8c31\" data-element_type=\"container\" data-e-type=\"container\">\n\t\t\t\t\t<div class=\"e-con-inner\">\n\t\t\t\t<div class=\"elementor-element elementor-element-58198f9 elementor-headline--style-highlight elementor-widget elementor-widget-animated-headline\" data-id=\"58198f9\" data-element_type=\"widget\" data-e-type=\"widget\" data-settings=\"{&quot;highlighted_text&quot;:&quot;Hoje!&quot;,&quot;headline_style&quot;:&quot;highlight&quot;,&quot;marker&quot;:&quot;circle&quot;,&quot;loop&quot;:&quot;yes&quot;,&quot;highlight_animation_duration&quot;:1200,&quot;highlight_iteration_delay&quot;:8000}\" data-widget_type=\"animated-headline.default\">\n\t\t\t\t<div class=\"elementor-widget-container\">\n\t\t\t\t\t\t\t<h3 class=\"elementor-headline\">\n\t\t\t\t\t<span class=\"elementor-headline-plain-text elementor-headline-text-wrapper\">Avalie o seu im\u00f3vel<\/span>\n\t\t\t\t<span class=\"elementor-headline-dynamic-wrapper elementor-headline-text-wrapper\">\n\t\t\t\t\t<span class=\"elementor-headline-dynamic-text elementor-headline-text-active\">Hoje!<\/span>\n\t\t\t\t<\/span>\n\t\t\t\t<\/h3>\n\t\t\t\t\t\t<\/div>\n\t\t\t\t<\/div>\n\t\t\t\t\t<\/div>\n\t\t\t\t<\/div>\n\t\t<div class=\"elementor-element elementor-element-6298e72 e-flex e-con-boxed e-con e-parent\" data-id=\"6298e72\" data-element_type=\"container\" data-e-type=\"container\">\n\t\t\t\t\t<div class=\"e-con-inner\">\n\t\t<div class=\"elementor-element elementor-element-f655cb9 e-con-full e-flex e-con e-child\" data-id=\"f655cb9\" data-element_type=\"container\" data-e-type=\"container\">\n\t\t\t\t<div class=\"elementor-element elementor-element-467435a elementor-align-center elementor-widget elementor-widget-button\" data-id=\"467435a\" data-element_type=\"widget\" data-e-type=\"widget\" data-widget_type=\"button.default\">\n\t\t\t\t<div class=\"elementor-widget-container\">\n\t\t\t\t\t\t\t\t\t<div class=\"elementor-button-wrapper\">\n\t\t\t\t\t<a class=\"elementor-button elementor-button-link elementor-size-lg\" href=\"#\">\n\t\t\t\t\t\t<span class=\"elementor-button-content-wrapper\">\n\t\t\t\t\t\t\t\t\t<span class=\"elementor-button-text\">Tel: +55 (21) 2212-4252<\/span>\n\t\t\t\t\t<\/span>\n\t\t\t\t\t<\/a>\n\t\t\t\t<\/div>\n\t\t\t\t\t\t\t\t<\/div>\n\t\t\t\t<\/div>\n\t\t\t\t<\/div>\n\t\t<div class=\"elementor-element elementor-element-3fae7d1 e-con-full e-flex e-con e-child\" data-id=\"3fae7d1\" data-element_type=\"container\" data-e-type=\"container\">\n\t\t\t\t<div class=\"elementor-element elementor-element-a3f825b elementor-align-center elementor-widget elementor-widget-button\" data-id=\"a3f825b\" data-element_type=\"widget\" data-e-type=\"widget\" data-widget_type=\"button.default\">\n\t\t\t\t<div class=\"elementor-widget-container\">\n\t\t\t\t\t\t\t\t\t<div class=\"elementor-button-wrapper\">\n\t\t\t\t\t<a class=\"elementor-button elementor-button-link elementor-size-lg\" href=\"#\">\n\t\t\t\t\t\t<span class=\"elementor-button-content-wrapper\">\n\t\t\t\t\t\t\t\t\t<span class=\"elementor-button-text\">Zap: +55 (21) 99520-7562<\/span>\n\t\t\t\t\t<\/span>\n\t\t\t\t\t<\/a>\n\t\t\t\t<\/div>\n\t\t\t\t\t\t\t\t<\/div>\n\t\t\t\t<\/div>\n\t\t\t\t<\/div>\n\t\t\t\t\t<\/div>\n\t\t\t\t<\/div>\n\t\t<div class=\"elementor-element elementor-element-f16fb24 e-flex e-con-boxed e-con e-parent\" data-id=\"f16fb24\" data-element_type=\"container\" data-e-type=\"container\">\n\t\t\t\t\t<div class=\"e-con-inner\">\n\t\t<div class=\"elementor-element elementor-element-542f229 e-con-full e-flex e-con e-child\" data-id=\"542f229\" data-element_type=\"container\" data-e-type=\"container\">\n\t\t\t\t<div class=\"elementor-element elementor-element-3f9d292 elementor-widget elementor-widget-image\" data-id=\"3f9d292\" data-element_type=\"widget\" data-e-type=\"widget\" data-widget_type=\"image.default\">\n\t\t\t\t<div class=\"elementor-widget-container\">\n\t\t\t\t\t\t\t\t\t\t\t\t\t\t\t<img fetchpriority=\"high\" decoding=\"async\" width=\"458\" height=\"458\" src=\"https:\/\/www.tradicy.com.br\/wp4\/wp-content\/uploads\/2024\/03\/DALL\u00b7E-2024-03-14-23.45.34-A-imagem-mostra-um-corretor-de-imoveis-no-Rio-de-Janeiro-de-frente-para-o-observador-com-uma-expressao-confiante-e-profissional.-Ele-esta-em-pe-dian.webp\" class=\"attachment-large size-large wp-image-1716\" alt=\"\" \/>\t\t\t\t\t\t\t\t\t\t\t\t\t\t\t<\/div>\n\t\t\t\t<\/div>\n\t\t\t\t<\/div>\n\t\t<div class=\"elementor-element elementor-element-fc2148b e-con-full e-flex e-con e-child\" data-id=\"fc2148b\" data-element_type=\"container\" data-e-type=\"container\">\n\t\t\t\t<div class=\"elementor-element elementor-element-ecc02bd elementor-widget elementor-widget-text-editor\" data-id=\"ecc02bd\" data-element_type=\"widget\" data-e-type=\"widget\" data-widget_type=\"text-editor.default\">\n\t\t\t\t<div class=\"elementor-widget-container\">\n\t\t\t\t\t\t\t\t\t<p>1. Avaliar corretamente o seu im\u00f3vel \u00e9 o primeiro passo fundamental no processo de venda ou loca\u00e7\u00e3o. Essa etapa \u00e9 crucial pois determina n\u00e3o apenas o potencial de atrair compradores ou locat\u00e1rios, mas tamb\u00e9m influencia diretamente o tempo que a propriedade permanecer\u00e1 no mercado e o valor final da transa\u00e7\u00e3o.<\/p><p>2. Uma avalia\u00e7\u00e3o bem-feita leva em considera\u00e7\u00e3o diversos fatores, como a localiza\u00e7\u00e3o do im\u00f3vel, sua idade, condi\u00e7\u00e3o atual, o tamanho da \u00e1rea \u00fatil, bem como as comodidades dispon\u00edveis tanto no im\u00f3vel quanto na regi\u00e3o em que se encontra. \u00c9 importante tamb\u00e9m estar atento \u00e0s tend\u00eancias do mercado imobili\u00e1rio local, pois elas podem variar significativamente de uma regi\u00e3o para outra, e at\u00e9 mesmo de um bairro para outro dentro da mesma cidade.<\/p><p>3. Al\u00e9m dos aspectos f\u00edsicos e da localiza\u00e7\u00e3o, a documenta\u00e7\u00e3o do im\u00f3vel deve estar regularizada, sem pend\u00eancias jur\u00eddicas ou tribut\u00e1rias, o que pode afetar a avalia\u00e7\u00e3o e a velocidade de venda ou loca\u00e7\u00e3o. Documentos em ordem transmitem seguran\u00e7a aos potenciais compradores ou locat\u00e1rios, facilitando a negocia\u00e7\u00e3o.<\/p><p>\u00a0<\/p>\t\t\t\t\t\t\t\t<\/div>\n\t\t\t\t<\/div>\n\t\t\t\t<\/div>\n\t\t\t\t\t<\/div>\n\t\t\t\t<\/div>\n\t\t<div class=\"elementor-element elementor-element-7d978e2 e-flex e-con-boxed e-con e-parent\" data-id=\"7d978e2\" data-element_type=\"container\" data-e-type=\"container\">\n\t\t\t\t\t<div class=\"e-con-inner\">\n\t\t<div class=\"elementor-element elementor-element-864daeb e-con-full e-flex e-con e-child\" data-id=\"864daeb\" data-element_type=\"container\" data-e-type=\"container\">\n\t\t\t\t<div class=\"elementor-element elementor-element-1c48044 elementor-widget elementor-widget-text-editor\" data-id=\"1c48044\" data-element_type=\"widget\" data-e-type=\"widget\" data-widget_type=\"text-editor.default\">\n\t\t\t\t<div class=\"elementor-widget-container\">\n\t\t\t\t\t\t\t\t\t<p>4. Contratar um profissional especializado para realizar a avalia\u00e7\u00e3o pode ser um investimento que traz retorno, pois este ter\u00e1 o conhecimento t\u00e9cnico necess\u00e1rio para considerar todos esses aspectos de maneira objetiva, al\u00e9m de entender as nuances do mercado local. Uma avalia\u00e7\u00e3o precisa e realista contribui para que o im\u00f3vel seja precificado de maneira justa, evitando valores acima ou abaixo do mercado, o que pode desestimular o interesse ou prolongar desnecessariamente o tempo de espera por uma negocia\u00e7\u00e3o.<\/p><p>5. Portanto, entender e aplicar corretamente o processo de avalia\u00e7\u00e3o de um im\u00f3vel n\u00e3o \u00e9 apenas o ponto de partida, mas tamb\u00e9m um dos elementos mais estrat\u00e9gicos para o sucesso da venda ou loca\u00e7\u00e3o. Este processo reflete o compromisso do vendedor ou locador com a transpar\u00eancia e a justi\u00e7a, elementos cada vez mais valorizados no mercado imobili\u00e1rio atual.<\/p><p>\u00a0<\/p>\t\t\t\t\t\t\t\t<\/div>\n\t\t\t\t<\/div>\n\t\t\t\t<\/div>\n\t\t<div class=\"elementor-element elementor-element-b9f8428 e-con-full e-flex e-con e-child\" data-id=\"b9f8428\" data-element_type=\"container\" data-e-type=\"container\">\n\t\t\t\t<div class=\"elementor-element elementor-element-cda641a elementor-widget elementor-widget-text-editor\" data-id=\"cda641a\" data-element_type=\"widget\" data-e-type=\"widget\" data-widget_type=\"text-editor.default\">\n\t\t\t\t<div class=\"elementor-widget-container\">\n\t\t\t\t\t\t\t\t\t<p>6. Na nossa opini\u00e3o, considerando a import\u00e2ncia da correta avalia\u00e7\u00e3o de um im\u00f3vel, tanto vendedores quanto locadores deveriam investir tempo e recursos para assegurar que essa etapa seja conduzida com a m\u00e1xima precis\u00e3o e profissionalismo, garantindo assim n\u00e3o s\u00f3 uma negocia\u00e7\u00e3o mais r\u00e1pida e eficiente, mas tamb\u00e9m a satisfa\u00e7\u00e3o de todas as partes envolvidas.<\/p>\t\t\t\t\t\t\t\t<\/div>\n\t\t\t\t<\/div>\n\t\t\t\t<div class=\"elementor-element elementor-element-914a9da elementor-widget elementor-widget-image\" data-id=\"914a9da\" data-element_type=\"widget\" data-e-type=\"widget\" data-widget_type=\"image.default\">\n\t\t\t\t<div class=\"elementor-widget-container\">\n\t\t\t\t\t\t\t\t\t\t\t\t\t\t\t<img decoding=\"async\" width=\"300\" height=\"300\" src=\"https:\/\/www.tradicy.com.br\/wp4\/wp-content\/uploads\/2024\/03\/DALL\u00b7E-2024-03-14-23.43.39-A-imagem-ilustra-uma-corretora-de-imoveis-profissional-e-elegante-avaliando-um-apartamento-de-luxo-com-vista-para-os-principais-cartoes-postais-do-Ri-300x300.webp\" class=\"attachment-medium size-medium wp-image-1715\" alt=\"\" \/>\t\t\t\t\t\t\t\t\t\t\t\t\t\t\t<\/div>\n\t\t\t\t<\/div>\n\t\t\t\t<\/div>\n\t\t\t\t\t<\/div>\n\t\t\t\t<\/div>\n\t\t<div class=\"elementor-element elementor-element-3d8dfe9 e-flex e-con-boxed e-con e-parent\" data-id=\"3d8dfe9\" data-element_type=\"container\" data-e-type=\"container\">\n\t\t\t\t\t<div class=\"e-con-inner\">\n\t\t<div class=\"elementor-element elementor-element-1915fce e-con-full e-flex e-con e-child\" data-id=\"1915fce\" data-element_type=\"container\" data-e-type=\"container\">\n\t\t\t\t<div class=\"elementor-element elementor-element-67f3cf9 elementor-align-center elementor-widget elementor-widget-button\" data-id=\"67f3cf9\" data-element_type=\"widget\" data-e-type=\"widget\" data-widget_type=\"button.default\">\n\t\t\t\t<div class=\"elementor-widget-container\">\n\t\t\t\t\t\t\t\t\t<div class=\"elementor-button-wrapper\">\n\t\t\t\t\t<a class=\"elementor-button elementor-button-link elementor-size-lg\" href=\"#\">\n\t\t\t\t\t\t<span class=\"elementor-button-content-wrapper\">\n\t\t\t\t\t\t\t\t\t<span class=\"elementor-button-text\">Tel: +55 (21) 2212-4252<\/span>\n\t\t\t\t\t<\/span>\n\t\t\t\t\t<\/a>\n\t\t\t\t<\/div>\n\t\t\t\t\t\t\t\t<\/div>\n\t\t\t\t<\/div>\n\t\t\t\t<\/div>\n\t\t<div class=\"elementor-element elementor-element-838ac74 e-con-full e-flex e-con e-child\" data-id=\"838ac74\" data-element_type=\"container\" data-e-type=\"container\">\n\t\t\t\t<div class=\"elementor-element elementor-element-1d57f51 elementor-align-center elementor-widget elementor-widget-button\" data-id=\"1d57f51\" data-element_type=\"widget\" data-e-type=\"widget\" data-widget_type=\"button.default\">\n\t\t\t\t<div class=\"elementor-widget-container\">\n\t\t\t\t\t\t\t\t\t<div class=\"elementor-button-wrapper\">\n\t\t\t\t\t<a class=\"elementor-button elementor-button-link elementor-size-lg\" href=\"#\">\n\t\t\t\t\t\t<span class=\"elementor-button-content-wrapper\">\n\t\t\t\t\t\t\t\t\t<span class=\"elementor-button-text\">Zap: +55 (21) 99520-7562<\/span>\n\t\t\t\t\t<\/span>\n\t\t\t\t\t<\/a>\n\t\t\t\t<\/div>\n\t\t\t\t\t\t\t\t<\/div>\n\t\t\t\t<\/div>\n\t\t\t\t<\/div>\n\t\t\t\t\t<\/div>\n\t\t\t\t<\/div>\n\t\t\t\t<\/div>\n\t\t","protected":false},"excerpt":{"rendered":"<p>Avalie o seu im\u00f3vel Hoje! Tel: +55 (21) 2212-4252 Zap: +55 (21) 99520-7562 1. Avaliar corretamente o seu im\u00f3vel \u00e9 o primeiro passo fundamental no processo de venda ou loca\u00e7\u00e3o. Essa etapa \u00e9 crucial pois determina n\u00e3o apenas o potencial de atrair compradores ou locat\u00e1rios, mas tamb\u00e9m influencia diretamente o tempo que a propriedade permanecer\u00e1 [&hellip;]<\/p>\n","protected":false},"author":1,"featured_media":0,"parent":91,"menu_order":0,"comment_status":"closed","ping_status":"closed","template":"elementor_header_footer","meta":{"_acf_changed":false,"footnotes":""},"class_list":["post-1653","page","type-page","status-publish","hentry"],"acf":[],"yoast_head":"<!-- This site is optimized with the Yoast SEO Premium plugin v26.6 (Yoast SEO v27.4) - https:\/\/yoast.com\/product\/yoast-seo-premium-wordpress\/ -->\n<title>Avalie seu im\u00f3vel - Tradicy Taunay Imobili\u00e1ria Ltda. CRECI RJ 2523.<\/title>\n<meta name=\"robots\" content=\"index, follow, max-snippet:-1, max-image-preview:large, max-video-preview:-1\" \/>\n<link rel=\"canonical\" href=\"https:\/\/www.tradicy.com.br\/wp4\/fale-conosco\/avalie-seu-imovel\/\" \/>\n<meta property=\"og:locale\" content=\"pt_BR\" \/>\n<meta property=\"og:type\" content=\"article\" \/>\n<meta property=\"og:title\" content=\"Avalie seu im\u00f3vel\" \/>\n<meta property=\"og:description\" content=\"Avalie o seu im\u00f3vel Hoje! Tel: +55 (21) 2212-4252 Zap: +55 (21) 99520-7562 1. Avaliar corretamente o seu im\u00f3vel \u00e9 o primeiro passo fundamental no processo de venda ou loca\u00e7\u00e3o. Essa etapa \u00e9 crucial pois determina n\u00e3o apenas o potencial de atrair compradores ou locat\u00e1rios, mas tamb\u00e9m influencia diretamente o tempo que a propriedade permanecer\u00e1 [&hellip;]\" \/>\n<meta property=\"og:url\" content=\"https:\/\/www.tradicy.com.br\/wp4\/fale-conosco\/avalie-seu-imovel\/\" \/>\n<meta property=\"og:site_name\" content=\"Tradicy Taunay Imobili\u00e1ria Ltda. CRECI RJ 2523.\" \/>\n<meta property=\"article:publisher\" content=\"https:\/\/www.facebook.com\/tradicy.com.br\/\" \/>\n<meta property=\"article:modified_time\" content=\"2024-03-15T03:20:15+00:00\" \/>\n<meta name=\"twitter:card\" content=\"summary_large_image\" \/>\n<meta name=\"twitter:label1\" content=\"Est. tempo de leitura\" \/>\n\t<meta name=\"twitter:data1\" content=\"3 minutos\" \/>\n<script type=\"application\/ld+json\" class=\"yoast-schema-graph\">{\"@context\":\"https:\\\/\\\/schema.org\",\"@graph\":[{\"@type\":\"WebPage\",\"@id\":\"https:\\\/\\\/www.tradicy.com.br\\\/wp4\\\/fale-conosco\\\/avalie-seu-imovel\\\/\",\"url\":\"https:\\\/\\\/www.tradicy.com.br\\\/wp4\\\/fale-conosco\\\/avalie-seu-imovel\\\/\",\"name\":\"Avalie seu im\u00f3vel - Tradicy Taunay Imobili\u00e1ria Ltda. CRECI RJ 2523.\",\"isPartOf\":{\"@id\":\"https:\\\/\\\/www.tradicy.com.br\\\/wp4\\\/#website\"},\"datePublished\":\"2024-03-02T14:27:03+00:00\",\"dateModified\":\"2024-03-15T03:20:15+00:00\",\"breadcrumb\":{\"@id\":\"https:\\\/\\\/www.tradicy.com.br\\\/wp4\\\/fale-conosco\\\/avalie-seu-imovel\\\/#breadcrumb\"},\"inLanguage\":\"pt-BR\",\"potentialAction\":[{\"@type\":\"ReadAction\",\"target\":[\"https:\\\/\\\/www.tradicy.com.br\\\/wp4\\\/fale-conosco\\\/avalie-seu-imovel\\\/\"]}]},{\"@type\":\"BreadcrumbList\",\"@id\":\"https:\\\/\\\/www.tradicy.com.br\\\/wp4\\\/fale-conosco\\\/avalie-seu-imovel\\\/#breadcrumb\",\"itemListElement\":[{\"@type\":\"ListItem\",\"position\":1,\"name\":\"In\u00edcio\",\"item\":\"https:\\\/\\\/www.tradicy.com.br\\\/wp4\\\/\"},{\"@type\":\"ListItem\",\"position\":2,\"name\":\"Fale conosco\",\"item\":\"https:\\\/\\\/www.tradicy.com.br\\\/wp4\\\/fale-conosco\\\/\"},{\"@type\":\"ListItem\",\"position\":3,\"name\":\"Avalie seu im\u00f3vel\"}]},{\"@type\":\"WebSite\",\"@id\":\"https:\\\/\\\/www.tradicy.com.br\\\/wp4\\\/#website\",\"url\":\"https:\\\/\\\/www.tradicy.com.br\\\/wp4\\\/\",\"name\":\"Tradicy Taunay Imobili\u00e1ria Ltda. CRECI RJ 2523.\",\"description\":\"Compra, venda, loca\u00e7\u00e3o e administra\u00e7\u00e3o de im\u00f3veis comerciais e residenciais.\",\"publisher\":{\"@id\":\"https:\\\/\\\/www.tradicy.com.br\\\/wp4\\\/#organization\"},\"alternateName\":\"Tradicy Imobili\u00e1ria\",\"potentialAction\":[{\"@type\":\"SearchAction\",\"target\":{\"@type\":\"EntryPoint\",\"urlTemplate\":\"https:\\\/\\\/www.tradicy.com.br\\\/wp4\\\/?s={search_term_string}\"},\"query-input\":{\"@type\":\"PropertyValueSpecification\",\"valueRequired\":true,\"valueName\":\"search_term_string\"}}],\"inLanguage\":\"pt-BR\"},{\"@type\":\"Organization\",\"@id\":\"https:\\\/\\\/www.tradicy.com.br\\\/wp4\\\/#organization\",\"name\":\"Tradicy Taunay Imobili\u00e1ria Ltda. CRECI RJ 2523.\",\"url\":\"https:\\\/\\\/www.tradicy.com.br\\\/wp4\\\/\",\"logo\":{\"@type\":\"ImageObject\",\"inLanguage\":\"pt-BR\",\"@id\":\"https:\\\/\\\/www.tradicy.com.br\\\/wp4\\\/#\\\/schema\\\/logo\\\/image\\\/\",\"url\":\"https:\\\/\\\/www.tradicy.com.br\\\/wp4\\\/wp-content\\\/uploads\\\/2023\\\/06\\\/principal_cor.png\",\"contentUrl\":\"https:\\\/\\\/www.tradicy.com.br\\\/wp4\\\/wp-content\\\/uploads\\\/2023\\\/06\\\/principal_cor.png\",\"width\":567,\"height\":567,\"caption\":\"Tradicy Taunay Imobili\u00e1ria Ltda. CRECI RJ 2523.\"},\"image\":{\"@id\":\"https:\\\/\\\/www.tradicy.com.br\\\/wp4\\\/#\\\/schema\\\/logo\\\/image\\\/\"},\"sameAs\":[\"https:\\\/\\\/www.facebook.com\\\/tradicy.com.br\\\/\",\"https:\\\/\\\/www.instagram.com\\\/tradicy.com.br\\\/\"]}]}<\/script>\n<!-- \/ Yoast SEO Premium plugin. -->","yoast_head_json":{"title":"Avalie seu im\u00f3vel - Tradicy Taunay Imobili\u00e1ria Ltda. CRECI RJ 2523.","robots":{"index":"index","follow":"follow","max-snippet":"max-snippet:-1","max-image-preview":"max-image-preview:large","max-video-preview":"max-video-preview:-1"},"canonical":"https:\/\/www.tradicy.com.br\/wp4\/fale-conosco\/avalie-seu-imovel\/","og_locale":"pt_BR","og_type":"article","og_title":"Avalie seu im\u00f3vel","og_description":"Avalie o seu im\u00f3vel Hoje! Tel: +55 (21) 2212-4252 Zap: +55 (21) 99520-7562 1. Avaliar corretamente o seu im\u00f3vel \u00e9 o primeiro passo fundamental no processo de venda ou loca\u00e7\u00e3o. Essa etapa \u00e9 crucial pois determina n\u00e3o apenas o potencial de atrair compradores ou locat\u00e1rios, mas tamb\u00e9m influencia diretamente o tempo que a propriedade permanecer\u00e1 [&hellip;]","og_url":"https:\/\/www.tradicy.com.br\/wp4\/fale-conosco\/avalie-seu-imovel\/","og_site_name":"Tradicy Taunay Imobili\u00e1ria Ltda. CRECI RJ 2523.","article_publisher":"https:\/\/www.facebook.com\/tradicy.com.br\/","article_modified_time":"2024-03-15T03:20:15+00:00","twitter_card":"summary_large_image","twitter_misc":{"Est. tempo de leitura":"3 minutos"},"schema":{"@context":"https:\/\/schema.org","@graph":[{"@type":"WebPage","@id":"https:\/\/www.tradicy.com.br\/wp4\/fale-conosco\/avalie-seu-imovel\/","url":"https:\/\/www.tradicy.com.br\/wp4\/fale-conosco\/avalie-seu-imovel\/","name":"Avalie seu im\u00f3vel - Tradicy Taunay Imobili\u00e1ria Ltda. CRECI RJ 2523.","isPartOf":{"@id":"https:\/\/www.tradicy.com.br\/wp4\/#website"},"datePublished":"2024-03-02T14:27:03+00:00","dateModified":"2024-03-15T03:20:15+00:00","breadcrumb":{"@id":"https:\/\/www.tradicy.com.br\/wp4\/fale-conosco\/avalie-seu-imovel\/#breadcrumb"},"inLanguage":"pt-BR","potentialAction":[{"@type":"ReadAction","target":["https:\/\/www.tradicy.com.br\/wp4\/fale-conosco\/avalie-seu-imovel\/"]}]},{"@type":"BreadcrumbList","@id":"https:\/\/www.tradicy.com.br\/wp4\/fale-conosco\/avalie-seu-imovel\/#breadcrumb","itemListElement":[{"@type":"ListItem","position":1,"name":"In\u00edcio","item":"https:\/\/www.tradicy.com.br\/wp4\/"},{"@type":"ListItem","position":2,"name":"Fale conosco","item":"https:\/\/www.tradicy.com.br\/wp4\/fale-conosco\/"},{"@type":"ListItem","position":3,"name":"Avalie seu im\u00f3vel"}]},{"@type":"WebSite","@id":"https:\/\/www.tradicy.com.br\/wp4\/#website","url":"https:\/\/www.tradicy.com.br\/wp4\/","name":"Tradicy Taunay Imobili\u00e1ria Ltda. CRECI RJ 2523.","description":"Compra, venda, loca\u00e7\u00e3o e administra\u00e7\u00e3o de im\u00f3veis comerciais e residenciais.","publisher":{"@id":"https:\/\/www.tradicy.com.br\/wp4\/#organization"},"alternateName":"Tradicy Imobili\u00e1ria","potentialAction":[{"@type":"SearchAction","target":{"@type":"EntryPoint","urlTemplate":"https:\/\/www.tradicy.com.br\/wp4\/?s={search_term_string}"},"query-input":{"@type":"PropertyValueSpecification","valueRequired":true,"valueName":"search_term_string"}}],"inLanguage":"pt-BR"},{"@type":"Organization","@id":"https:\/\/www.tradicy.com.br\/wp4\/#organization","name":"Tradicy Taunay Imobili\u00e1ria Ltda. CRECI RJ 2523.","url":"https:\/\/www.tradicy.com.br\/wp4\/","logo":{"@type":"ImageObject","inLanguage":"pt-BR","@id":"https:\/\/www.tradicy.com.br\/wp4\/#\/schema\/logo\/image\/","url":"https:\/\/www.tradicy.com.br\/wp4\/wp-content\/uploads\/2023\/06\/principal_cor.png","contentUrl":"https:\/\/www.tradicy.com.br\/wp4\/wp-content\/uploads\/2023\/06\/principal_cor.png","width":567,"height":567,"caption":"Tradicy Taunay Imobili\u00e1ria Ltda. CRECI RJ 2523."},"image":{"@id":"https:\/\/www.tradicy.com.br\/wp4\/#\/schema\/logo\/image\/"},"sameAs":["https:\/\/www.facebook.com\/tradicy.com.br\/","https:\/\/www.instagram.com\/tradicy.com.br\/"]}]}},"_links":{"self":[{"href":"https:\/\/www.tradicy.com.br\/wp4\/wp-json\/wp\/v2\/pages\/1653","targetHints":{"allow":["GET"]}}],"collection":[{"href":"https:\/\/www.tradicy.com.br\/wp4\/wp-json\/wp\/v2\/pages"}],"about":[{"href":"https:\/\/www.tradicy.com.br\/wp4\/wp-json\/wp\/v2\/types\/page"}],"author":[{"embeddable":true,"href":"https:\/\/www.tradicy.com.br\/wp4\/wp-json\/wp\/v2\/users\/1"}],"replies":[{"embeddable":true,"href":"https:\/\/www.tradicy.com.br\/wp4\/wp-json\/wp\/v2\/comments?post=1653"}],"version-history":[{"count":17,"href":"https:\/\/www.tradicy.com.br\/wp4\/wp-json\/wp\/v2\/pages\/1653\/revisions"}],"predecessor-version":[{"id":1749,"href":"https:\/\/www.tradicy.com.br\/wp4\/wp-json\/wp\/v2\/pages\/1653\/revisions\/1749"}],"up":[{"embeddable":true,"href":"https:\/\/www.tradicy.com.br\/wp4\/wp-json\/wp\/v2\/pages\/91"}],"wp:attachment":[{"href":"https:\/\/www.tradicy.com.br\/wp4\/wp-json\/wp\/v2\/media?parent=1653"}],"curies":[{"name":"wp","href":"https:\/\/api.w.org\/{rel}","templated":true}]}}