{"id":2283,"date":"2025-12-19T13:29:29","date_gmt":"2025-12-19T16:29:29","guid":{"rendered":"https:\/\/www.tradicy.com.br\/wp4\/?page_id=2283"},"modified":"2026-04-01T18:00:38","modified_gmt":"2026-04-01T21:00:38","slug":"imoveis-em-leiloes-judiciais","status":"publish","type":"page","link":"https:\/\/www.tradicy.com.br\/wp4\/busca-imovel\/imoveis-em-leiloes-judiciais\/","title":{"rendered":"Im\u00f3veis em Leil\u00f5es Judiciais"},"content":{"rendered":"\t\t<div data-elementor-type=\"wp-page\" data-elementor-id=\"2283\" class=\"elementor elementor-2283\" data-elementor-post-type=\"page\">\n\t\t\t\t<div class=\"elementor-element elementor-element-870967d e-flex e-con-boxed e-con e-parent\" data-id=\"870967d\" data-element_type=\"container\" data-e-type=\"container\">\n\t\t\t\t\t<div class=\"e-con-inner\">\n\t\t\t\t<div class=\"elementor-element elementor-element-b6998d0 elementor-widget elementor-widget-image\" data-id=\"b6998d0\" data-element_type=\"widget\" data-e-type=\"widget\" data-widget_type=\"image.default\">\n\t\t\t\t<div class=\"elementor-widget-container\">\n\t\t\t\t\t\t\t\t\t\t\t\t<figure class=\"wp-caption\">\n\t\t\t\t\t\t\t\t\t\t<img fetchpriority=\"high\" decoding=\"async\" width=\"640\" height=\"425\" src=\"https:\/\/www.tradicy.com.br\/wp4\/wp-content\/uploads\/13_Auction_800x532-689x458.jpg\" class=\"attachment-large size-large wp-image-2285\" alt=\"\" \/>\t\t\t\t\t\t\t\t\t\t\t<figcaption class=\"widget-image-caption wp-caption-text\">Lista de im\u00f3veis em leil\u00e3o judicial<\/figcaption>\n\t\t\t\t\t\t\t\t\t\t<\/figure>\n\t\t\t\t\t\t\t\t\t<\/div>\n\t\t\t\t<\/div>\n\t\t\t\t\t<\/div>\n\t\t\t\t<\/div>\n\t\t<div class=\"elementor-element elementor-element-5d23d3f e-flex e-con-boxed e-con e-parent\" data-id=\"5d23d3f\" data-element_type=\"container\" data-e-type=\"container\">\n\t\t\t\t\t<div class=\"e-con-inner\">\n\t\t\t\t<div class=\"elementor-element elementor-element-6cd4734 elementor-align-center elementor-widget elementor-widget-button\" data-id=\"6cd4734\" data-element_type=\"widget\" data-e-type=\"widget\" data-widget_type=\"button.default\">\n\t\t\t\t<div class=\"elementor-widget-container\">\n\t\t\t\t\t\t\t\t\t<div class=\"elementor-button-wrapper\">\n\t\t\t\t\t<a class=\"elementor-button elementor-button-link elementor-size-sm\" href=\"https:\/\/www.tradicy.com.br\/wp4\/wp-content\/uploads\/relatorio_arrematize_01-04-2026_17h55.pdf\">\n\t\t\t\t\t\t<span class=\"elementor-button-content-wrapper\">\n\t\t\t\t\t\t\t\t\t<span class=\"elementor-button-text\">Clique aqui - download da lista de im\u00f3veis em leil\u00e3o judicial<\/span>\n\t\t\t\t\t<\/span>\n\t\t\t\t\t<\/a>\n\t\t\t\t<\/div>\n\t\t\t\t\t\t\t\t<\/div>\n\t\t\t\t<\/div>\n\t\t\t\t\t<\/div>\n\t\t\t\t<\/div>\n\t\t\t\t<\/div>\n\t\t","protected":false},"excerpt":{"rendered":"<p>Lista de im\u00f3veis em leil\u00e3o judicial Clique aqui \u2013 download da lista de im\u00f3veis em leil\u00e3o judicial<\/p>\n","protected":false},"author":1,"featured_media":0,"parent":1411,"menu_order":0,"comment_status":"closed","ping_status":"closed","template":"","meta":{"_acf_changed":false,"footnotes":""},"class_list":["post-2283","page","type-page","status-publish","hentry"],"acf":[],"yoast_head":"<!-- This site is optimized with the Yoast SEO Premium plugin v26.6 (Yoast SEO v27.5) - https:\/\/yoast.com\/product\/yoast-seo-premium-wordpress\/ -->\n<title>Im\u00f3veis em Leil\u00f5es Judiciais - Tradicy Taunay Imobili\u00e1ria Ltda. CRECI RJ 2523.<\/title>\n<meta name=\"robots\" content=\"index, follow, max-snippet:-1, max-image-preview:large, max-video-preview:-1\" \/>\n<link rel=\"canonical\" href=\"https:\/\/www.tradicy.com.br\/wp4\/busca-imovel\/imoveis-em-leiloes-judiciais\/\" \/>\n<meta property=\"og:locale\" content=\"pt_BR\" \/>\n<meta property=\"og:type\" content=\"article\" \/>\n<meta property=\"og:title\" content=\"Im\u00f3veis em Leil\u00f5es Judiciais\" \/>\n<meta property=\"og:description\" content=\"Lista de im\u00f3veis em leil\u00e3o judicial Clique aqui \u2013 download da lista de im\u00f3veis em leil\u00e3o judicial\" \/>\n<meta property=\"og:url\" content=\"https:\/\/www.tradicy.com.br\/wp4\/busca-imovel\/imoveis-em-leiloes-judiciais\/\" \/>\n<meta property=\"og:site_name\" content=\"Tradicy Taunay Imobili\u00e1ria Ltda. CRECI RJ 2523.\" \/>\n<meta property=\"article:publisher\" content=\"https:\/\/www.facebook.com\/tradicy.com.br\/\" \/>\n<meta property=\"article:modified_time\" content=\"2026-04-01T21:00:38+00:00\" \/>\n<meta property=\"og:image\" content=\"https:\/\/www.tradicy.com.br\/wp4\/wp-content\/uploads\/13_Auction_800x532.jpg\" \/>\n\t<meta property=\"og:image:width\" content=\"800\" \/>\n\t<meta property=\"og:image:height\" content=\"532\" \/>\n\t<meta property=\"og:image:type\" content=\"image\/jpeg\" \/>\n<meta name=\"twitter:card\" content=\"summary_large_image\" \/>\n<meta name=\"twitter:label1\" content=\"Est. tempo de leitura\" \/>\n\t<meta name=\"twitter:data1\" content=\"1 minuto\" \/>\n<script type=\"application\/ld+json\" class=\"yoast-schema-graph\">{\"@context\":\"https:\\\/\\\/schema.org\",\"@graph\":[{\"@type\":\"WebPage\",\"@id\":\"https:\\\/\\\/www.tradicy.com.br\\\/wp4\\\/busca-imovel\\\/imoveis-em-leiloes-judiciais\\\/\",\"url\":\"https:\\\/\\\/www.tradicy.com.br\\\/wp4\\\/busca-imovel\\\/imoveis-em-leiloes-judiciais\\\/\",\"name\":\"Im\u00f3veis em Leil\u00f5es Judiciais - Tradicy Taunay Imobili\u00e1ria Ltda. CRECI RJ 2523.\",\"isPartOf\":{\"@id\":\"https:\\\/\\\/www.tradicy.com.br\\\/wp4\\\/#website\"},\"primaryImageOfPage\":{\"@id\":\"https:\\\/\\\/www.tradicy.com.br\\\/wp4\\\/busca-imovel\\\/imoveis-em-leiloes-judiciais\\\/#primaryimage\"},\"image\":{\"@id\":\"https:\\\/\\\/www.tradicy.com.br\\\/wp4\\\/busca-imovel\\\/imoveis-em-leiloes-judiciais\\\/#primaryimage\"},\"thumbnailUrl\":\"https:\\\/\\\/www.tradicy.com.br\\\/wp4\\\/wp-content\\\/uploads\\\/13_Auction_800x532-689x458.jpg\",\"datePublished\":\"2025-12-19T16:29:29+00:00\",\"dateModified\":\"2026-04-01T21:00:38+00:00\",\"breadcrumb\":{\"@id\":\"https:\\\/\\\/www.tradicy.com.br\\\/wp4\\\/busca-imovel\\\/imoveis-em-leiloes-judiciais\\\/#breadcrumb\"},\"inLanguage\":\"pt-BR\",\"potentialAction\":[{\"@type\":\"ReadAction\",\"target\":[\"https:\\\/\\\/www.tradicy.com.br\\\/wp4\\\/busca-imovel\\\/imoveis-em-leiloes-judiciais\\\/\"]}]},{\"@type\":\"ImageObject\",\"inLanguage\":\"pt-BR\",\"@id\":\"https:\\\/\\\/www.tradicy.com.br\\\/wp4\\\/busca-imovel\\\/imoveis-em-leiloes-judiciais\\\/#primaryimage\",\"url\":\"https:\\\/\\\/www.tradicy.com.br\\\/wp4\\\/wp-content\\\/uploads\\\/13_Auction_800x532.jpg\",\"contentUrl\":\"https:\\\/\\\/www.tradicy.com.br\\\/wp4\\\/wp-content\\\/uploads\\\/13_Auction_800x532.jpg\",\"width\":800,\"height\":532},{\"@type\":\"BreadcrumbList\",\"@id\":\"https:\\\/\\\/www.tradicy.com.br\\\/wp4\\\/busca-imovel\\\/imoveis-em-leiloes-judiciais\\\/#breadcrumb\",\"itemListElement\":[{\"@type\":\"ListItem\",\"position\":1,\"name\":\"In\u00edcio\",\"item\":\"https:\\\/\\\/www.tradicy.com.br\\\/wp4\\\/\"},{\"@type\":\"ListItem\",\"position\":2,\"name\":\"Busca Im\u00f3vel\",\"item\":\"https:\\\/\\\/www.tradicy.com.br\\\/wp4\\\/busca-imovel\\\/\"},{\"@type\":\"ListItem\",\"position\":3,\"name\":\"Im\u00f3veis em Leil\u00f5es Judiciais\"}]},{\"@type\":\"WebSite\",\"@id\":\"https:\\\/\\\/www.tradicy.com.br\\\/wp4\\\/#website\",\"url\":\"https:\\\/\\\/www.tradicy.com.br\\\/wp4\\\/\",\"name\":\"Tradicy Taunay Imobili\u00e1ria Ltda. CRECI RJ 2523.\",\"description\":\"Compra, venda, loca\u00e7\u00e3o e administra\u00e7\u00e3o de im\u00f3veis comerciais e residenciais.\",\"publisher\":{\"@id\":\"https:\\\/\\\/www.tradicy.com.br\\\/wp4\\\/#organization\"},\"alternateName\":\"Tradicy Imobili\u00e1ria\",\"potentialAction\":[{\"@type\":\"SearchAction\",\"target\":{\"@type\":\"EntryPoint\",\"urlTemplate\":\"https:\\\/\\\/www.tradicy.com.br\\\/wp4\\\/?s={search_term_string}\"},\"query-input\":{\"@type\":\"PropertyValueSpecification\",\"valueRequired\":true,\"valueName\":\"search_term_string\"}}],\"inLanguage\":\"pt-BR\"},{\"@type\":\"Organization\",\"@id\":\"https:\\\/\\\/www.tradicy.com.br\\\/wp4\\\/#organization\",\"name\":\"Tradicy Taunay Imobili\u00e1ria Ltda. CRECI RJ 2523.\",\"url\":\"https:\\\/\\\/www.tradicy.com.br\\\/wp4\\\/\",\"logo\":{\"@type\":\"ImageObject\",\"inLanguage\":\"pt-BR\",\"@id\":\"https:\\\/\\\/www.tradicy.com.br\\\/wp4\\\/#\\\/schema\\\/logo\\\/image\\\/\",\"url\":\"https:\\\/\\\/www.tradicy.com.br\\\/wp4\\\/wp-content\\\/uploads\\\/2023\\\/06\\\/principal_cor.png\",\"contentUrl\":\"https:\\\/\\\/www.tradicy.com.br\\\/wp4\\\/wp-content\\\/uploads\\\/2023\\\/06\\\/principal_cor.png\",\"width\":567,\"height\":567,\"caption\":\"Tradicy Taunay Imobili\u00e1ria Ltda. CRECI RJ 2523.\"},\"image\":{\"@id\":\"https:\\\/\\\/www.tradicy.com.br\\\/wp4\\\/#\\\/schema\\\/logo\\\/image\\\/\"},\"sameAs\":[\"https:\\\/\\\/www.facebook.com\\\/tradicy.com.br\\\/\",\"https:\\\/\\\/www.instagram.com\\\/tradicy.com.br\\\/\"]}]}<\/script>\n<!-- \/ Yoast SEO Premium plugin. -->","yoast_head_json":{"title":"Im\u00f3veis em Leil\u00f5es Judiciais - Tradicy Taunay Imobili\u00e1ria Ltda. CRECI RJ 2523.","robots":{"index":"index","follow":"follow","max-snippet":"max-snippet:-1","max-image-preview":"max-image-preview:large","max-video-preview":"max-video-preview:-1"},"canonical":"https:\/\/www.tradicy.com.br\/wp4\/busca-imovel\/imoveis-em-leiloes-judiciais\/","og_locale":"pt_BR","og_type":"article","og_title":"Im\u00f3veis em Leil\u00f5es Judiciais","og_description":"Lista de im\u00f3veis em leil\u00e3o judicial Clique aqui \u2013 download da lista de im\u00f3veis em leil\u00e3o judicial","og_url":"https:\/\/www.tradicy.com.br\/wp4\/busca-imovel\/imoveis-em-leiloes-judiciais\/","og_site_name":"Tradicy Taunay Imobili\u00e1ria Ltda. CRECI RJ 2523.","article_publisher":"https:\/\/www.facebook.com\/tradicy.com.br\/","article_modified_time":"2026-04-01T21:00:38+00:00","og_image":[{"width":800,"height":532,"url":"https:\/\/www.tradicy.com.br\/wp4\/wp-content\/uploads\/13_Auction_800x532.jpg","type":"image\/jpeg"}],"twitter_card":"summary_large_image","twitter_misc":{"Est. tempo de leitura":"1 minuto"},"schema":{"@context":"https:\/\/schema.org","@graph":[{"@type":"WebPage","@id":"https:\/\/www.tradicy.com.br\/wp4\/busca-imovel\/imoveis-em-leiloes-judiciais\/","url":"https:\/\/www.tradicy.com.br\/wp4\/busca-imovel\/imoveis-em-leiloes-judiciais\/","name":"Im\u00f3veis em Leil\u00f5es Judiciais - Tradicy Taunay Imobili\u00e1ria Ltda. CRECI RJ 2523.","isPartOf":{"@id":"https:\/\/www.tradicy.com.br\/wp4\/#website"},"primaryImageOfPage":{"@id":"https:\/\/www.tradicy.com.br\/wp4\/busca-imovel\/imoveis-em-leiloes-judiciais\/#primaryimage"},"image":{"@id":"https:\/\/www.tradicy.com.br\/wp4\/busca-imovel\/imoveis-em-leiloes-judiciais\/#primaryimage"},"thumbnailUrl":"https:\/\/www.tradicy.com.br\/wp4\/wp-content\/uploads\/13_Auction_800x532-689x458.jpg","datePublished":"2025-12-19T16:29:29+00:00","dateModified":"2026-04-01T21:00:38+00:00","breadcrumb":{"@id":"https:\/\/www.tradicy.com.br\/wp4\/busca-imovel\/imoveis-em-leiloes-judiciais\/#breadcrumb"},"inLanguage":"pt-BR","potentialAction":[{"@type":"ReadAction","target":["https:\/\/www.tradicy.com.br\/wp4\/busca-imovel\/imoveis-em-leiloes-judiciais\/"]}]},{"@type":"ImageObject","inLanguage":"pt-BR","@id":"https:\/\/www.tradicy.com.br\/wp4\/busca-imovel\/imoveis-em-leiloes-judiciais\/#primaryimage","url":"https:\/\/www.tradicy.com.br\/wp4\/wp-content\/uploads\/13_Auction_800x532.jpg","contentUrl":"https:\/\/www.tradicy.com.br\/wp4\/wp-content\/uploads\/13_Auction_800x532.jpg","width":800,"height":532},{"@type":"BreadcrumbList","@id":"https:\/\/www.tradicy.com.br\/wp4\/busca-imovel\/imoveis-em-leiloes-judiciais\/#breadcrumb","itemListElement":[{"@type":"ListItem","position":1,"name":"In\u00edcio","item":"https:\/\/www.tradicy.com.br\/wp4\/"},{"@type":"ListItem","position":2,"name":"Busca Im\u00f3vel","item":"https:\/\/www.tradicy.com.br\/wp4\/busca-imovel\/"},{"@type":"ListItem","position":3,"name":"Im\u00f3veis em Leil\u00f5es Judiciais"}]},{"@type":"WebSite","@id":"https:\/\/www.tradicy.com.br\/wp4\/#website","url":"https:\/\/www.tradicy.com.br\/wp4\/","name":"Tradicy Taunay Imobili\u00e1ria Ltda. CRECI RJ 2523.","description":"Compra, venda, loca\u00e7\u00e3o e administra\u00e7\u00e3o de im\u00f3veis comerciais e residenciais.","publisher":{"@id":"https:\/\/www.tradicy.com.br\/wp4\/#organization"},"alternateName":"Tradicy Imobili\u00e1ria","potentialAction":[{"@type":"SearchAction","target":{"@type":"EntryPoint","urlTemplate":"https:\/\/www.tradicy.com.br\/wp4\/?s={search_term_string}"},"query-input":{"@type":"PropertyValueSpecification","valueRequired":true,"valueName":"search_term_string"}}],"inLanguage":"pt-BR"},{"@type":"Organization","@id":"https:\/\/www.tradicy.com.br\/wp4\/#organization","name":"Tradicy Taunay Imobili\u00e1ria Ltda. CRECI RJ 2523.","url":"https:\/\/www.tradicy.com.br\/wp4\/","logo":{"@type":"ImageObject","inLanguage":"pt-BR","@id":"https:\/\/www.tradicy.com.br\/wp4\/#\/schema\/logo\/image\/","url":"https:\/\/www.tradicy.com.br\/wp4\/wp-content\/uploads\/2023\/06\/principal_cor.png","contentUrl":"https:\/\/www.tradicy.com.br\/wp4\/wp-content\/uploads\/2023\/06\/principal_cor.png","width":567,"height":567,"caption":"Tradicy Taunay Imobili\u00e1ria Ltda. CRECI RJ 2523."},"image":{"@id":"https:\/\/www.tradicy.com.br\/wp4\/#\/schema\/logo\/image\/"},"sameAs":["https:\/\/www.facebook.com\/tradicy.com.br\/","https:\/\/www.instagram.com\/tradicy.com.br\/"]}]}},"_links":{"self":[{"href":"https:\/\/www.tradicy.com.br\/wp4\/wp-json\/wp\/v2\/pages\/2283","targetHints":{"allow":["GET"]}}],"collection":[{"href":"https:\/\/www.tradicy.com.br\/wp4\/wp-json\/wp\/v2\/pages"}],"about":[{"href":"https:\/\/www.tradicy.com.br\/wp4\/wp-json\/wp\/v2\/types\/page"}],"author":[{"embeddable":true,"href":"https:\/\/www.tradicy.com.br\/wp4\/wp-json\/wp\/v2\/users\/1"}],"replies":[{"embeddable":true,"href":"https:\/\/www.tradicy.com.br\/wp4\/wp-json\/wp\/v2\/comments?post=2283"}],"version-history":[{"count":9,"href":"https:\/\/www.tradicy.com.br\/wp4\/wp-json\/wp\/v2\/pages\/2283\/revisions"}],"predecessor-version":[{"id":2558,"href":"https:\/\/www.tradicy.com.br\/wp4\/wp-json\/wp\/v2\/pages\/2283\/revisions\/2558"}],"up":[{"embeddable":true,"href":"https:\/\/www.tradicy.com.br\/wp4\/wp-json\/wp\/v2\/pages\/1411"}],"wp:attachment":[{"href":"https:\/\/www.tradicy.com.br\/wp4\/wp-json\/wp\/v2\/media?parent=2283"}],"curies":[{"name":"wp","href":"https:\/\/api.w.org\/{rel}","templated":true}]}}