{"id":91,"date":"2023-08-01T09:16:19","date_gmt":"2023-08-01T09:16:19","guid":{"rendered":"https:\/\/themedox.com\/gerow\/?page_id=91"},"modified":"2024-03-15T00:25:06","modified_gmt":"2024-03-15T03:25:06","slug":"fale-conosco","status":"publish","type":"page","link":"https:\/\/www.tradicy.com.br\/wp4\/fale-conosco\/","title":{"rendered":"Fale conosco"},"content":{"rendered":"\t\t<div data-elementor-type=\"wp-page\" data-elementor-id=\"91\" class=\"elementor elementor-91\" data-elementor-post-type=\"page\">\n\t\t\t\t\t\t<section class=\"elementor-section elementor-top-section elementor-element elementor-element-6925a7b elementor-section-content-middle elementor-section-boxed elementor-section-height-default elementor-section-height-default\" data-id=\"6925a7b\" data-element_type=\"section\" data-e-type=\"section\">\n\t\t\t\t\t\t<div class=\"elementor-container elementor-column-gap-no\">\n\t\t\t\t\t<div class=\"elementor-column elementor-col-50 elementor-top-column elementor-element elementor-element-2f1edc1\" data-id=\"2f1edc1\" data-element_type=\"column\" data-e-type=\"column\">\n\t\t\t<div class=\"elementor-widget-wrap elementor-element-populated\">\n\t\t\t\t\t\t<div class=\"elementor-element elementor-element-1bcca05 elementor-widget elementor-widget-image\" data-id=\"1bcca05\" data-element_type=\"widget\" data-e-type=\"widget\" data-widget_type=\"image.default\">\n\t\t\t\t<div class=\"elementor-widget-container\">\n\t\t\t\t\t\t\t\t\t\t\t\t\t\t\t<img fetchpriority=\"high\" decoding=\"async\" width=\"640\" height=\"640\" src=\"https:\/\/www.tradicy.com.br\/wp4\/wp-content\/uploads\/2024\/03\/atendimento-1-768x768.png\" class=\"attachment-medium_large size-medium_large wp-image-1750\" alt=\"\" \/>\t\t\t\t\t\t\t\t\t\t\t\t\t\t\t<\/div>\n\t\t\t\t<\/div>\n\t\t\t\t\t<\/div>\n\t\t<\/div>\n\t\t\t\t<div class=\"elementor-column elementor-col-50 elementor-top-column elementor-element elementor-element-c5b5a8f\" data-id=\"c5b5a8f\" data-element_type=\"column\" data-e-type=\"column\">\n\t\t\t<div class=\"elementor-widget-wrap elementor-element-populated\">\n\t\t\t\t\t\t<div class=\"elementor-element elementor-element-2fe607e team-details-title elementor-widget elementor-widget-heading\" data-id=\"2fe607e\" data-element_type=\"widget\" data-e-type=\"widget\" data-widget_type=\"heading.default\">\n\t\t\t\t<div class=\"elementor-widget-container\">\n\t\t\t\t\t<h2 class=\"elementor-heading-title elementor-size-default\">Nosso endere\u00e7o<\/h2>\t\t\t\t<\/div>\n\t\t\t\t<\/div>\n\t\t\t\t<div class=\"elementor-element elementor-element-8c9b3f3 elementor-widget elementor-widget-heading\" data-id=\"8c9b3f3\" data-element_type=\"widget\" data-e-type=\"widget\" data-widget_type=\"heading.default\">\n\t\t\t\t<div class=\"elementor-widget-container\">\n\t\t\t\t\t<h2 class=\"elementor-heading-title elementor-size-default\">Rio de Janeiro, RJ<\/h2>\t\t\t\t<\/div>\n\t\t\t\t<\/div>\n\t\t\t\t<div class=\"elementor-element elementor-element-3ca74c6 elementor-widget elementor-widget-html\" data-id=\"3ca74c6\" data-element_type=\"widget\" data-e-type=\"widget\" data-widget_type=\"html.default\">\n\t\t\t\t<div class=\"elementor-widget-container\">\n\t\t\t\t\t<ul class=\"list-wrap\">\r\n<li>Av. Almirante Barroso n.6, sala 1603 <br> Centro, Rio de Janeiro, RJ, CEP 20031-000, Brasil<\/li>\r\n<li>+55 <strong>(21) 2212-4252<\/strong><\/li>\r\n<li>Seg - Sex: 09:00 - 18:00<\/li>\r\n<li>S\u00e1b - 09:00 - 14:00<\/li>\r\n<li>atedimento@tradicy.com.br<\/li>\r\n<li>www.tradicy.com.br<\/li>\r\n<\/ul>\t\t\t\t<\/div>\n\t\t\t\t<\/div>\n\t\t\t\t\t<\/div>\n\t\t<\/div>\n\t\t\t\t\t<\/div>\n\t\t<\/section>\n\t\t\t\t<section class=\"elementor-section elementor-top-section elementor-element elementor-element-d510f89 elementor-section-full_width elementor-section-height-default elementor-section-height-default\" data-id=\"d510f89\" data-element_type=\"section\" data-e-type=\"section\">\n\t\t\t\t\t\t<div class=\"elementor-container elementor-column-gap-no\">\n\t\t\t\t\t<div class=\"elementor-column elementor-col-100 elementor-top-column elementor-element elementor-element-0b8f82b\" data-id=\"0b8f82b\" data-element_type=\"column\" data-e-type=\"column\">\n\t\t\t<div class=\"elementor-widget-wrap elementor-element-populated\">\n\t\t\t\t\t\t<div class=\"elementor-element elementor-element-6816598 elementor-widget elementor-widget-google_maps\" data-id=\"6816598\" data-element_type=\"widget\" data-e-type=\"widget\" data-widget_type=\"google_maps.default\">\n\t\t\t\t<div class=\"elementor-widget-container\">\n\t\t\t\t\t\t\t<div class=\"elementor-custom-embed\">\n\t\t\t<iframe loading=\"lazy\"\n\t\t\t\t\tsrc=\"https:\/\/maps.google.com\/maps?q=Tradicy%20Taunay&#038;t=m&#038;z=15&#038;output=embed&#038;iwloc=near\"\n\t\t\t\t\ttitle=\"Tradicy Taunay\"\n\t\t\t\t\taria-label=\"Tradicy Taunay\"\n\t\t\t><\/iframe>\n\t\t<\/div>\n\t\t\t\t\t\t<\/div>\n\t\t\t\t<\/div>\n\t\t\t\t\t<\/div>\n\t\t<\/div>\n\t\t\t\t\t<\/div>\n\t\t<\/section>\n\t\t\t\t<\/div>\n\t\t","protected":false},"excerpt":{"rendered":"<p>Nosso endere\u00e7o Rio de Janeiro, RJ Av. Almirante Barroso n.6, sala 1603 Centro, Rio de Janeiro, RJ, CEP 20031-000, Brasil +55 (21) 2212-4252 Seg &#8211; Sex: 09:00 &#8211; 18:00 S\u00e1b &#8211; 09:00 &#8211; 14:00 atedimento@tradicy.com.br www.tradicy.com.br<\/p>\n","protected":false},"author":1,"featured_media":0,"parent":0,"menu_order":0,"comment_status":"closed","ping_status":"closed","template":"elementor_header_footer","meta":{"_acf_changed":false,"footnotes":""},"class_list":["post-91","page","type-page","status-publish","hentry"],"acf":[],"yoast_head":"<!-- This site is optimized with the Yoast SEO Premium plugin v26.6 (Yoast SEO v27.4) - https:\/\/yoast.com\/product\/yoast-seo-premium-wordpress\/ -->\n<title>Fale conosco - Tradicy Taunay Imobili\u00e1ria Ltda. CRECI RJ 2523.<\/title>\n<meta name=\"robots\" content=\"index, follow, max-snippet:-1, max-image-preview:large, max-video-preview:-1\" \/>\n<link rel=\"canonical\" href=\"https:\/\/www.tradicy.com.br\/wp4\/fale-conosco\/\" \/>\n<meta property=\"og:locale\" content=\"pt_BR\" \/>\n<meta property=\"og:type\" content=\"article\" \/>\n<meta property=\"og:title\" content=\"Fale conosco\" \/>\n<meta property=\"og:description\" content=\"Nosso endere\u00e7o Rio de Janeiro, RJ Av. Almirante Barroso n.6, sala 1603 Centro, Rio de Janeiro, RJ, CEP 20031-000, Brasil +55 (21) 2212-4252 Seg &#8211; Sex: 09:00 &#8211; 18:00 S\u00e1b &#8211; 09:00 &#8211; 14:00 atedimento@tradicy.com.br www.tradicy.com.br\" \/>\n<meta property=\"og:url\" content=\"https:\/\/www.tradicy.com.br\/wp4\/fale-conosco\/\" \/>\n<meta property=\"og:site_name\" content=\"Tradicy Taunay Imobili\u00e1ria Ltda. CRECI RJ 2523.\" \/>\n<meta property=\"article:publisher\" content=\"https:\/\/www.facebook.com\/tradicy.com.br\/\" \/>\n<meta property=\"article:modified_time\" content=\"2024-03-15T03:25:06+00:00\" \/>\n<meta property=\"og:image\" content=\"https:\/\/www.tradicy.com.br\/wp4\/wp-content\/uploads\/2024\/03\/atendimento-1-768x768.png\" \/>\n<meta name=\"twitter:card\" content=\"summary_large_image\" \/>\n<meta name=\"twitter:label1\" content=\"Est. tempo de leitura\" \/>\n\t<meta name=\"twitter:data1\" content=\"1 minuto\" \/>\n<script type=\"application\/ld+json\" class=\"yoast-schema-graph\">{\"@context\":\"https:\\\/\\\/schema.org\",\"@graph\":[{\"@type\":\"WebPage\",\"@id\":\"https:\\\/\\\/www.tradicy.com.br\\\/wp4\\\/fale-conosco\\\/\",\"url\":\"https:\\\/\\\/www.tradicy.com.br\\\/wp4\\\/fale-conosco\\\/\",\"name\":\"Fale conosco - Tradicy Taunay Imobili\u00e1ria Ltda. CRECI RJ 2523.\",\"isPartOf\":{\"@id\":\"https:\\\/\\\/www.tradicy.com.br\\\/wp4\\\/#website\"},\"primaryImageOfPage\":{\"@id\":\"https:\\\/\\\/www.tradicy.com.br\\\/wp4\\\/fale-conosco\\\/#primaryimage\"},\"image\":{\"@id\":\"https:\\\/\\\/www.tradicy.com.br\\\/wp4\\\/fale-conosco\\\/#primaryimage\"},\"thumbnailUrl\":\"https:\\\/\\\/www.tradicy.com.br\\\/wp4\\\/wp-content\\\/uploads\\\/2024\\\/03\\\/atendimento-1-768x768.png\",\"datePublished\":\"2023-08-01T09:16:19+00:00\",\"dateModified\":\"2024-03-15T03:25:06+00:00\",\"breadcrumb\":{\"@id\":\"https:\\\/\\\/www.tradicy.com.br\\\/wp4\\\/fale-conosco\\\/#breadcrumb\"},\"inLanguage\":\"pt-BR\",\"potentialAction\":[{\"@type\":\"ReadAction\",\"target\":[\"https:\\\/\\\/www.tradicy.com.br\\\/wp4\\\/fale-conosco\\\/\"]}]},{\"@type\":\"ImageObject\",\"inLanguage\":\"pt-BR\",\"@id\":\"https:\\\/\\\/www.tradicy.com.br\\\/wp4\\\/fale-conosco\\\/#primaryimage\",\"url\":\"https:\\\/\\\/www.tradicy.com.br\\\/wp4\\\/wp-content\\\/uploads\\\/2024\\\/03\\\/atendimento-1.png\",\"contentUrl\":\"https:\\\/\\\/www.tradicy.com.br\\\/wp4\\\/wp-content\\\/uploads\\\/2024\\\/03\\\/atendimento-1.png\",\"width\":1024,\"height\":1024},{\"@type\":\"BreadcrumbList\",\"@id\":\"https:\\\/\\\/www.tradicy.com.br\\\/wp4\\\/fale-conosco\\\/#breadcrumb\",\"itemListElement\":[{\"@type\":\"ListItem\",\"position\":1,\"name\":\"In\u00edcio\",\"item\":\"https:\\\/\\\/www.tradicy.com.br\\\/wp4\\\/\"},{\"@type\":\"ListItem\",\"position\":2,\"name\":\"Fale conosco\"}]},{\"@type\":\"WebSite\",\"@id\":\"https:\\\/\\\/www.tradicy.com.br\\\/wp4\\\/#website\",\"url\":\"https:\\\/\\\/www.tradicy.com.br\\\/wp4\\\/\",\"name\":\"Tradicy Taunay Imobili\u00e1ria Ltda. CRECI RJ 2523.\",\"description\":\"Compra, venda, loca\u00e7\u00e3o e administra\u00e7\u00e3o de im\u00f3veis comerciais e residenciais.\",\"publisher\":{\"@id\":\"https:\\\/\\\/www.tradicy.com.br\\\/wp4\\\/#organization\"},\"alternateName\":\"Tradicy Imobili\u00e1ria\",\"potentialAction\":[{\"@type\":\"SearchAction\",\"target\":{\"@type\":\"EntryPoint\",\"urlTemplate\":\"https:\\\/\\\/www.tradicy.com.br\\\/wp4\\\/?s={search_term_string}\"},\"query-input\":{\"@type\":\"PropertyValueSpecification\",\"valueRequired\":true,\"valueName\":\"search_term_string\"}}],\"inLanguage\":\"pt-BR\"},{\"@type\":\"Organization\",\"@id\":\"https:\\\/\\\/www.tradicy.com.br\\\/wp4\\\/#organization\",\"name\":\"Tradicy Taunay Imobili\u00e1ria Ltda. CRECI RJ 2523.\",\"url\":\"https:\\\/\\\/www.tradicy.com.br\\\/wp4\\\/\",\"logo\":{\"@type\":\"ImageObject\",\"inLanguage\":\"pt-BR\",\"@id\":\"https:\\\/\\\/www.tradicy.com.br\\\/wp4\\\/#\\\/schema\\\/logo\\\/image\\\/\",\"url\":\"https:\\\/\\\/www.tradicy.com.br\\\/wp4\\\/wp-content\\\/uploads\\\/2023\\\/06\\\/principal_cor.png\",\"contentUrl\":\"https:\\\/\\\/www.tradicy.com.br\\\/wp4\\\/wp-content\\\/uploads\\\/2023\\\/06\\\/principal_cor.png\",\"width\":567,\"height\":567,\"caption\":\"Tradicy Taunay Imobili\u00e1ria Ltda. CRECI RJ 2523.\"},\"image\":{\"@id\":\"https:\\\/\\\/www.tradicy.com.br\\\/wp4\\\/#\\\/schema\\\/logo\\\/image\\\/\"},\"sameAs\":[\"https:\\\/\\\/www.facebook.com\\\/tradicy.com.br\\\/\",\"https:\\\/\\\/www.instagram.com\\\/tradicy.com.br\\\/\"]}]}<\/script>\n<!-- \/ Yoast SEO Premium plugin. -->","yoast_head_json":{"title":"Fale conosco - Tradicy Taunay Imobili\u00e1ria Ltda. CRECI RJ 2523.","robots":{"index":"index","follow":"follow","max-snippet":"max-snippet:-1","max-image-preview":"max-image-preview:large","max-video-preview":"max-video-preview:-1"},"canonical":"https:\/\/www.tradicy.com.br\/wp4\/fale-conosco\/","og_locale":"pt_BR","og_type":"article","og_title":"Fale conosco","og_description":"Nosso endere\u00e7o Rio de Janeiro, RJ Av. Almirante Barroso n.6, sala 1603 Centro, Rio de Janeiro, RJ, CEP 20031-000, Brasil +55 (21) 2212-4252 Seg &#8211; Sex: 09:00 &#8211; 18:00 S\u00e1b &#8211; 09:00 &#8211; 14:00 atedimento@tradicy.com.br www.tradicy.com.br","og_url":"https:\/\/www.tradicy.com.br\/wp4\/fale-conosco\/","og_site_name":"Tradicy Taunay Imobili\u00e1ria Ltda. CRECI RJ 2523.","article_publisher":"https:\/\/www.facebook.com\/tradicy.com.br\/","article_modified_time":"2024-03-15T03:25:06+00:00","og_image":[{"url":"https:\/\/www.tradicy.com.br\/wp4\/wp-content\/uploads\/2024\/03\/atendimento-1-768x768.png","type":"","width":"","height":""}],"twitter_card":"summary_large_image","twitter_misc":{"Est. tempo de leitura":"1 minuto"},"schema":{"@context":"https:\/\/schema.org","@graph":[{"@type":"WebPage","@id":"https:\/\/www.tradicy.com.br\/wp4\/fale-conosco\/","url":"https:\/\/www.tradicy.com.br\/wp4\/fale-conosco\/","name":"Fale conosco - Tradicy Taunay Imobili\u00e1ria Ltda. CRECI RJ 2523.","isPartOf":{"@id":"https:\/\/www.tradicy.com.br\/wp4\/#website"},"primaryImageOfPage":{"@id":"https:\/\/www.tradicy.com.br\/wp4\/fale-conosco\/#primaryimage"},"image":{"@id":"https:\/\/www.tradicy.com.br\/wp4\/fale-conosco\/#primaryimage"},"thumbnailUrl":"https:\/\/www.tradicy.com.br\/wp4\/wp-content\/uploads\/2024\/03\/atendimento-1-768x768.png","datePublished":"2023-08-01T09:16:19+00:00","dateModified":"2024-03-15T03:25:06+00:00","breadcrumb":{"@id":"https:\/\/www.tradicy.com.br\/wp4\/fale-conosco\/#breadcrumb"},"inLanguage":"pt-BR","potentialAction":[{"@type":"ReadAction","target":["https:\/\/www.tradicy.com.br\/wp4\/fale-conosco\/"]}]},{"@type":"ImageObject","inLanguage":"pt-BR","@id":"https:\/\/www.tradicy.com.br\/wp4\/fale-conosco\/#primaryimage","url":"https:\/\/www.tradicy.com.br\/wp4\/wp-content\/uploads\/2024\/03\/atendimento-1.png","contentUrl":"https:\/\/www.tradicy.com.br\/wp4\/wp-content\/uploads\/2024\/03\/atendimento-1.png","width":1024,"height":1024},{"@type":"BreadcrumbList","@id":"https:\/\/www.tradicy.com.br\/wp4\/fale-conosco\/#breadcrumb","itemListElement":[{"@type":"ListItem","position":1,"name":"In\u00edcio","item":"https:\/\/www.tradicy.com.br\/wp4\/"},{"@type":"ListItem","position":2,"name":"Fale conosco"}]},{"@type":"WebSite","@id":"https:\/\/www.tradicy.com.br\/wp4\/#website","url":"https:\/\/www.tradicy.com.br\/wp4\/","name":"Tradicy Taunay Imobili\u00e1ria Ltda. CRECI RJ 2523.","description":"Compra, venda, loca\u00e7\u00e3o e administra\u00e7\u00e3o de im\u00f3veis comerciais e residenciais.","publisher":{"@id":"https:\/\/www.tradicy.com.br\/wp4\/#organization"},"alternateName":"Tradicy Imobili\u00e1ria","potentialAction":[{"@type":"SearchAction","target":{"@type":"EntryPoint","urlTemplate":"https:\/\/www.tradicy.com.br\/wp4\/?s={search_term_string}"},"query-input":{"@type":"PropertyValueSpecification","valueRequired":true,"valueName":"search_term_string"}}],"inLanguage":"pt-BR"},{"@type":"Organization","@id":"https:\/\/www.tradicy.com.br\/wp4\/#organization","name":"Tradicy Taunay Imobili\u00e1ria Ltda. CRECI RJ 2523.","url":"https:\/\/www.tradicy.com.br\/wp4\/","logo":{"@type":"ImageObject","inLanguage":"pt-BR","@id":"https:\/\/www.tradicy.com.br\/wp4\/#\/schema\/logo\/image\/","url":"https:\/\/www.tradicy.com.br\/wp4\/wp-content\/uploads\/2023\/06\/principal_cor.png","contentUrl":"https:\/\/www.tradicy.com.br\/wp4\/wp-content\/uploads\/2023\/06\/principal_cor.png","width":567,"height":567,"caption":"Tradicy Taunay Imobili\u00e1ria Ltda. CRECI RJ 2523."},"image":{"@id":"https:\/\/www.tradicy.com.br\/wp4\/#\/schema\/logo\/image\/"},"sameAs":["https:\/\/www.facebook.com\/tradicy.com.br\/","https:\/\/www.instagram.com\/tradicy.com.br\/"]}]}},"_links":{"self":[{"href":"https:\/\/www.tradicy.com.br\/wp4\/wp-json\/wp\/v2\/pages\/91","targetHints":{"allow":["GET"]}}],"collection":[{"href":"https:\/\/www.tradicy.com.br\/wp4\/wp-json\/wp\/v2\/pages"}],"about":[{"href":"https:\/\/www.tradicy.com.br\/wp4\/wp-json\/wp\/v2\/types\/page"}],"author":[{"embeddable":true,"href":"https:\/\/www.tradicy.com.br\/wp4\/wp-json\/wp\/v2\/users\/1"}],"replies":[{"embeddable":true,"href":"https:\/\/www.tradicy.com.br\/wp4\/wp-json\/wp\/v2\/comments?post=91"}],"version-history":[{"count":23,"href":"https:\/\/www.tradicy.com.br\/wp4\/wp-json\/wp\/v2\/pages\/91\/revisions"}],"predecessor-version":[{"id":1753,"href":"https:\/\/www.tradicy.com.br\/wp4\/wp-json\/wp\/v2\/pages\/91\/revisions\/1753"}],"wp:attachment":[{"href":"https:\/\/www.tradicy.com.br\/wp4\/wp-json\/wp\/v2\/media?parent=91"}],"curies":[{"name":"wp","href":"https:\/\/api.w.org\/{rel}","templated":true}]}}